{"id":8868,"date":"2025-04-14T11:04:31","date_gmt":"2025-04-14T09:04:31","guid":{"rendered":"https:\/\/plaan.cz\/?page_id=8868"},"modified":"2025-04-14T18:40:42","modified_gmt":"2025-04-14T16:40:42","slug":"podpora-jetsurf","status":"publish","type":"page","link":"https:\/\/plaan.cz\/en\/podpora-jetsurf\/","title":{"rendered":"Support of JETSURF"},"content":{"rendered":"<div data-elementor-type=\"wp-page\" data-elementor-id=\"8868\" class=\"elementor elementor-8868\" data-elementor-post-type=\"page\">\n\t\t\t\t<div class=\"elementor-element elementor-element-5001ecf e-flex e-con-boxed e-con e-parent\" data-id=\"5001ecf\" data-element_type=\"container\">\n\t\t\t\t\t<div class=\"e-con-inner\">\n\t\t<div class=\"elementor-element elementor-element-e10adcb e-con-full e-flex e-con e-child\" data-id=\"e10adcb\" data-element_type=\"container\">\n\t\t\t\t<div class=\"elementor-element elementor-element-e506bad elementor-widget__width-initial elementor-widget elementor-widget-heading\" data-id=\"e506bad\" data-element_type=\"widget\" data-widget_type=\"heading.default\">\n\t\t\t\t<div class=\"elementor-widget-container\">\n\t\t\t\t\t<h2 class=\"elementor-heading-title elementor-size-default\">jetsurf - ROCKET RACING<\/h2>\t\t\t\t<\/div>\n\t\t\t\t<\/div>\n\t\t\t\t<div class=\"elementor-element elementor-element-0a105f4 elementor-widget elementor-widget-spacer\" data-id=\"0a105f4\" data-element_type=\"widget\" data-widget_type=\"spacer.default\">\n\t\t\t\t<div class=\"elementor-widget-container\">\n\t\t\t\t\t\t\t<div class=\"elementor-spacer\">\n\t\t\t<div class=\"elementor-spacer-inner\"><\/div>\n\t\t<\/div>\n\t\t\t\t\t\t<\/div>\n\t\t\t\t<\/div>\n\t\t\t\t<\/div>\n\t\t<div class=\"elementor-element elementor-element-6a5b739 e-con-full e-flex e-con e-child\" data-id=\"6a5b739\" data-element_type=\"container\">\n\t\t\t\t<div class=\"elementor-element elementor-element-25b53a1 elementor-widget__width-initial elementor-widget elementor-widget-text-editor\" data-id=\"25b53a1\" data-element_type=\"widget\" data-widget_type=\"text-editor.default\">\n\t\t\t\t<div class=\"elementor-widget-container\">\n\t\t\t\t\t\t\t\t\t<p><strong>We are supporting one of the most successful team in Jetsurf \u2013 ROCKET RACING<\/strong>.<\/p>\t\t\t\t\t\t\t\t<\/div>\n\t\t\t\t<\/div>\n\t\t\t\t<\/div>\n\t\t<div class=\"elementor-element elementor-element-4c15c59 e-con-full e-flex e-con e-child\" data-id=\"4c15c59\" data-element_type=\"container\">\n\t\t\t\t<div class=\"elementor-element elementor-element-d41ee4a elementor-widget elementor-widget-rebuilto-image-gallery\" data-id=\"d41ee4a\" data-element_type=\"widget\" data-widget_type=\"rebuilto-image-gallery.default\">\n\t\t\t\t<div class=\"elementor-widget-container\">\n\t\t\t\t\t\n        <div class=\"elementor-opal-image-gallery\">\n                        <div class=\"d-grid\">\n                                                    <div class=\"grid__item masonry-item__all grid-item gallery_group_0\">\n                                                <a data-elementor-open-lightbox=\"yes\" data-elementor-lightbox-slideshow=\"d41ee4a\" data-e-action-hash=\"#elementor-action%3Aaction%3Dlightbox%26settings%3DeyJpZCI6NzA3NSwidXJsIjoiaHR0cHM6XC9cL3BsYWFuLmN6XC93cC1jb250ZW50XC91cGxvYWRzXC8yMDI0XC8xMVwvdW5uYW1lZC01LmpwZyIsInNsaWRlc2hvdyI6ImQ0MWVlNGEifQ%3D%3D\" href=\"https:\/\/plaan.cz\/wp-content\/uploads\/2024\/11\/unnamed-5.jpg\">\n                            <img decoding=\"async\" src=\"https:\/\/plaan.cz\/wp-content\/uploads\/2024\/11\/unnamed-5-1024x683.jpg\" alt=\"\"\/>\n                        <\/a>\n                    <\/div>\n                                        <div class=\"grid__item masonry-item__all grid-item gallery_group_0\">\n                                                <a data-elementor-open-lightbox=\"yes\" data-elementor-lightbox-slideshow=\"d41ee4a\" data-e-action-hash=\"#elementor-action%3Aaction%3Dlightbox%26settings%3DeyJpZCI6NzA3MywidXJsIjoiaHR0cHM6XC9cL3BsYWFuLmN6XC93cC1jb250ZW50XC91cGxvYWRzXC8yMDI0XC8xMVwvdW5uYW1lZC0zLmpwZyIsInNsaWRlc2hvdyI6ImQ0MWVlNGEifQ%3D%3D\" href=\"https:\/\/plaan.cz\/wp-content\/uploads\/2024\/11\/unnamed-3.jpg\">\n                            <img decoding=\"async\" src=\"https:\/\/plaan.cz\/wp-content\/uploads\/2024\/11\/unnamed-3-1024x683.jpg\" alt=\"\"\/>\n                        <\/a>\n                    <\/div>\n                                        <div class=\"grid__item masonry-item__all grid-item gallery_group_0\">\n                                                <a data-elementor-open-lightbox=\"yes\" data-elementor-lightbox-slideshow=\"d41ee4a\" data-e-action-hash=\"#elementor-action%3Aaction%3Dlightbox%26settings%3DeyJpZCI6NzA3MSwidXJsIjoiaHR0cHM6XC9cL3BsYWFuLmN6XC93cC1jb250ZW50XC91cGxvYWRzXC8yMDI0XC8xMVwvdW5uYW1lZC0xLmpwZyIsInNsaWRlc2hvdyI6ImQ0MWVlNGEifQ%3D%3D\" href=\"https:\/\/plaan.cz\/wp-content\/uploads\/2024\/11\/unnamed-1.jpg\">\n                            <img decoding=\"async\" src=\"https:\/\/plaan.cz\/wp-content\/uploads\/2024\/11\/unnamed-1-1024x683.jpg\" alt=\"\"\/>\n                        <\/a>\n                    <\/div>\n                                        <div class=\"grid__item masonry-item__all grid-item gallery_group_0\">\n                                                <a data-elementor-open-lightbox=\"yes\" data-elementor-lightbox-slideshow=\"d41ee4a\" data-e-action-hash=\"#elementor-action%3Aaction%3Dlightbox%26settings%3DeyJpZCI6NzA3MiwidXJsIjoiaHR0cHM6XC9cL3BsYWFuLmN6XC93cC1jb250ZW50XC91cGxvYWRzXC8yMDI0XC8xMVwvdW5uYW1lZC0yLmpwZyIsInNsaWRlc2hvdyI6ImQ0MWVlNGEifQ%3D%3D\" href=\"https:\/\/plaan.cz\/wp-content\/uploads\/2024\/11\/unnamed-2.jpg\">\n                            <img decoding=\"async\" src=\"https:\/\/plaan.cz\/wp-content\/uploads\/2024\/11\/unnamed-2-1024x683.jpg\" alt=\"\"\/>\n                        <\/a>\n                    <\/div>\n                                        <div class=\"grid__item masonry-item__all grid-item gallery_group_0\">\n                                                <a data-elementor-open-lightbox=\"yes\" data-elementor-lightbox-slideshow=\"d41ee4a\" data-e-action-hash=\"#elementor-action%3Aaction%3Dlightbox%26settings%3DeyJpZCI6NzA3NywidXJsIjoiaHR0cHM6XC9cL3BsYWFuLmN6XC93cC1jb250ZW50XC91cGxvYWRzXC8yMDI0XC8xMVwvdW5uYW1lZC5qcGciLCJzbGlkZXNob3ciOiJkNDFlZTRhIn0%3D\" href=\"https:\/\/plaan.cz\/wp-content\/uploads\/2024\/11\/unnamed.jpg\">\n                            <img decoding=\"async\" src=\"https:\/\/plaan.cz\/wp-content\/uploads\/2024\/11\/unnamed-683x1024.jpg\" alt=\"\"\/>\n                        <\/a>\n                    <\/div>\n                                        <div class=\"grid__item masonry-item__all grid-item gallery_group_0\">\n                                                <a data-elementor-open-lightbox=\"yes\" data-elementor-lightbox-slideshow=\"d41ee4a\" data-e-action-hash=\"#elementor-action%3Aaction%3Dlightbox%26settings%3DeyJpZCI6NzA3NCwidXJsIjoiaHR0cHM6XC9cL3BsYWFuLmN6XC93cC1jb250ZW50XC91cGxvYWRzXC8yMDI0XC8xMVwvdW5uYW1lZC00LmpwZyIsInNsaWRlc2hvdyI6ImQ0MWVlNGEifQ%3D%3D\" href=\"https:\/\/plaan.cz\/wp-content\/uploads\/2024\/11\/unnamed-4.jpg\">\n                            <img decoding=\"async\" src=\"https:\/\/plaan.cz\/wp-content\/uploads\/2024\/11\/unnamed-4-683x1024.jpg\" alt=\"\"\/>\n                        <\/a>\n                    <\/div>\n                                        <div class=\"grid__item masonry-item__all grid-item gallery_group_0\">\n                                                <a data-elementor-open-lightbox=\"yes\" data-elementor-lightbox-slideshow=\"d41ee4a\" data-e-action-hash=\"#elementor-action%3Aaction%3Dlightbox%26settings%3DeyJpZCI6ODg3MCwidXJsIjoiaHR0cHM6XC9cL3BsYWFuLmN6XC93cC1jb250ZW50XC91cGxvYWRzXC8yMDI1XC8wNFwvamV0X3NfbGF1cmEucG5nIiwic2xpZGVzaG93IjoiZDQxZWU0YSJ9\" href=\"https:\/\/plaan.cz\/wp-content\/uploads\/2025\/04\/jet_s_laura.png\">\n                            <img decoding=\"async\" src=\"https:\/\/plaan.cz\/wp-content\/uploads\/2025\/04\/jet_s_laura.png\" alt=\"\"\/>\n                        <\/a>\n                    <\/div>\n                                        <div class=\"grid__item masonry-item__all grid-item gallery_group_0\">\n                                                <a data-elementor-open-lightbox=\"yes\" data-elementor-lightbox-slideshow=\"d41ee4a\" data-e-action-hash=\"#elementor-action%3Aaction%3Dlightbox%26settings%3DeyJpZCI6ODg3MSwidXJsIjoiaHR0cHM6XC9cL3BsYWFuLmN6XC93cC1jb250ZW50XC91cGxvYWRzXC8yMDI1XC8wNFwvamV0X3N1cmZfZm90by5wbmciLCJzbGlkZXNob3ciOiJkNDFlZTRhIn0%3D\" href=\"https:\/\/plaan.cz\/wp-content\/uploads\/2025\/04\/jet_surf_foto.png\">\n                            <img decoding=\"async\" src=\"https:\/\/plaan.cz\/wp-content\/uploads\/2025\/04\/jet_surf_foto.png\" alt=\"\"\/>\n                        <\/a>\n                    <\/div>\n                                        <\/div>\n                <\/div>\n                \n        \t\t\t\t<\/div>\n\t\t\t\t<\/div>\n\t\t\t\t<\/div>\n\t\t\t\t\t<\/div>\n\t\t\t\t<\/div>\n\t\t<div class=\"elementor-element elementor-element-4a70831 elementor-hidden-desktop elementor-hidden-laptop elementor-hidden-tablet_extra elementor-hidden-tablet elementor-hidden-mobile_extra e-flex e-con-boxed e-con e-parent\" data-id=\"4a70831\" data-element_type=\"container\">\n\t\t\t\t\t<div class=\"e-con-inner\">\n\t\t\t\t<div class=\"elementor-element elementor-element-eddf16e elementor-widget elementor-widget-spacer\" data-id=\"eddf16e\" data-element_type=\"widget\" data-widget_type=\"spacer.default\">\n\t\t\t\t<div class=\"elementor-widget-container\">\n\t\t\t\t\t\t\t<div class=\"elementor-spacer\">\n\t\t\t<div class=\"elementor-spacer-inner\"><\/div>\n\t\t<\/div>\n\t\t\t\t\t\t<\/div>\n\t\t\t\t<\/div>\n\t\t\t\t\t<\/div>\n\t\t\t\t<\/div>\n\t\t\t\t<\/div>","protected":false},"excerpt":{"rendered":"<p>jetsurf &#8211; ROCKET RACING Podporujeme jeden z\u00a0nej\u00fasp\u011b\u0161n\u011bj\u0161\u00edch t\u00fdm\u016f v\u00a0Jetsurfu \u2013 ROCKET RACING.<\/p>","protected":false},"author":1,"featured_media":0,"parent":0,"menu_order":0,"comment_status":"closed","ping_status":"closed","template":"template-homepage.php","meta":{"footnotes":"","_links_to":"","_links_to_target":""},"class_list":["post-8868","page","type-page","status-publish","hentry"],"yoast_head":"<!-- This site is optimized with the Yoast SEO Premium plugin v20.11 (Yoast SEO v26.8) - https:\/\/yoast.com\/product\/yoast-seo-premium-wordpress\/ -->\n<title>Podpora JETSURF - Plaan<\/title>\n<meta name=\"robots\" content=\"index, follow, max-snippet:-1, max-image-preview:large, max-video-preview:-1\" \/>\n<link rel=\"canonical\" href=\"https:\/\/plaan.cz\/en\/podpora-jetsurf\/\" \/>\n<meta property=\"og:locale\" content=\"en_GB\" \/>\n<meta property=\"og:type\" content=\"article\" \/>\n<meta property=\"og:title\" content=\"Podpora JETSURF\" \/>\n<meta property=\"og:description\" content=\"jetsurf &#8211; ROCKET RACING Podporujeme jeden z\u00a0nej\u00fasp\u011b\u0161n\u011bj\u0161\u00edch t\u00fdm\u016f v\u00a0Jetsurfu \u2013 ROCKET RACING.\" \/>\n<meta property=\"og:url\" content=\"https:\/\/plaan.cz\/en\/podpora-jetsurf\/\" \/>\n<meta property=\"og:site_name\" content=\"Plaan\" \/>\n<meta property=\"article:modified_time\" content=\"2025-04-14T16:40:42+00:00\" \/>\n<meta property=\"og:image\" content=\"http:\/\/plaan.cz\/wp-content\/uploads\/2024\/11\/unnamed-5-1024x683.jpg\" \/>\n<meta name=\"twitter:card\" content=\"summary_large_image\" \/>\n<meta name=\"twitter:label1\" content=\"Estimated reading time\" \/>\n\t<meta name=\"twitter:data1\" content=\"2 minutes\" \/>\n<script type=\"application\/ld+json\" class=\"yoast-schema-graph\">{\"@context\":\"https:\/\/schema.org\",\"@graph\":[{\"@type\":\"WebPage\",\"@id\":\"https:\/\/plaan.cz\/en\/podpora-jetsurf\/\",\"url\":\"https:\/\/plaan.cz\/en\/podpora-jetsurf\/\",\"name\":\"Podpora JETSURF - Plaan\",\"isPartOf\":{\"@id\":\"https:\/\/plaan.cz\/en\/#website\"},\"primaryImageOfPage\":{\"@id\":\"https:\/\/plaan.cz\/en\/podpora-jetsurf\/#primaryimage\"},\"image\":{\"@id\":\"https:\/\/plaan.cz\/en\/podpora-jetsurf\/#primaryimage\"},\"thumbnailUrl\":\"http:\/\/plaan.cz\/wp-content\/uploads\/2024\/11\/unnamed-5-1024x683.jpg\",\"datePublished\":\"2025-04-14T09:04:31+00:00\",\"dateModified\":\"2025-04-14T16:40:42+00:00\",\"breadcrumb\":{\"@id\":\"https:\/\/plaan.cz\/en\/podpora-jetsurf\/#breadcrumb\"},\"inLanguage\":\"en-GB\",\"potentialAction\":[{\"@type\":\"ReadAction\",\"target\":[\"https:\/\/plaan.cz\/en\/podpora-jetsurf\/\"]}]},{\"@type\":\"ImageObject\",\"inLanguage\":\"en-GB\",\"@id\":\"https:\/\/plaan.cz\/en\/podpora-jetsurf\/#primaryimage\",\"url\":\"http:\/\/plaan.cz\/wp-content\/uploads\/2024\/11\/unnamed-5-1024x683.jpg\",\"contentUrl\":\"http:\/\/plaan.cz\/wp-content\/uploads\/2024\/11\/unnamed-5-1024x683.jpg\"},{\"@type\":\"BreadcrumbList\",\"@id\":\"https:\/\/plaan.cz\/en\/podpora-jetsurf\/#breadcrumb\",\"itemListElement\":[{\"@type\":\"ListItem\",\"position\":1,\"name\":\"Home\",\"item\":\"https:\/\/plaan.cz\/\"},{\"@type\":\"ListItem\",\"position\":2,\"name\":\"Podpora JETSURF\"}]},{\"@type\":\"WebSite\",\"@id\":\"https:\/\/plaan.cz\/en\/#website\",\"url\":\"https:\/\/plaan.cz\/en\/\",\"name\":\"Plaan\",\"description\":\"Design and Engineering\",\"publisher\":{\"@id\":\"https:\/\/plaan.cz\/en\/#organization\"},\"potentialAction\":[{\"@type\":\"SearchAction\",\"target\":{\"@type\":\"EntryPoint\",\"urlTemplate\":\"https:\/\/plaan.cz\/en\/?s={search_term_string}\"},\"query-input\":{\"@type\":\"PropertyValueSpecification\",\"valueRequired\":true,\"valueName\":\"search_term_string\"}}],\"inLanguage\":\"en-GB\"},{\"@type\":\"Organization\",\"@id\":\"https:\/\/plaan.cz\/en\/#organization\",\"name\":\"Plaan\",\"url\":\"https:\/\/plaan.cz\/en\/\",\"logo\":{\"@type\":\"ImageObject\",\"inLanguage\":\"en-GB\",\"@id\":\"https:\/\/plaan.cz\/en\/#\/schema\/logo\/image\/\",\"url\":\"http:\/\/plaan.cz\/wp-content\/uploads\/2025\/01\/uvodka.svg\",\"contentUrl\":\"http:\/\/plaan.cz\/wp-content\/uploads\/2025\/01\/uvodka.svg\",\"width\":1200,\"height\":700,\"caption\":\"Plaan\"},\"image\":{\"@id\":\"https:\/\/plaan.cz\/en\/#\/schema\/logo\/image\/\"},\"sameAs\":[\"https:\/\/www.instagram.com\/plaanczech\/\"]}]}<\/script>\n<!-- \/ Yoast SEO Premium plugin. -->","yoast_head_json":{"title":"Podpora JETSURF - Plaan","robots":{"index":"index","follow":"follow","max-snippet":"max-snippet:-1","max-image-preview":"max-image-preview:large","max-video-preview":"max-video-preview:-1"},"canonical":"https:\/\/plaan.cz\/en\/podpora-jetsurf\/","og_locale":"en_GB","og_type":"article","og_title":"Podpora JETSURF","og_description":"jetsurf &#8211; ROCKET RACING Podporujeme jeden z\u00a0nej\u00fasp\u011b\u0161n\u011bj\u0161\u00edch t\u00fdm\u016f v\u00a0Jetsurfu \u2013 ROCKET RACING.","og_url":"https:\/\/plaan.cz\/en\/podpora-jetsurf\/","og_site_name":"Plaan","article_modified_time":"2025-04-14T16:40:42+00:00","og_image":[{"url":"http:\/\/plaan.cz\/wp-content\/uploads\/2024\/11\/unnamed-5-1024x683.jpg","type":"","width":"","height":""}],"twitter_card":"summary_large_image","twitter_misc":{"Estimated reading time":"2 minutes"},"schema":{"@context":"https:\/\/schema.org","@graph":[{"@type":"WebPage","@id":"https:\/\/plaan.cz\/en\/podpora-jetsurf\/","url":"https:\/\/plaan.cz\/en\/podpora-jetsurf\/","name":"Podpora JETSURF - Plaan","isPartOf":{"@id":"https:\/\/plaan.cz\/en\/#website"},"primaryImageOfPage":{"@id":"https:\/\/plaan.cz\/en\/podpora-jetsurf\/#primaryimage"},"image":{"@id":"https:\/\/plaan.cz\/en\/podpora-jetsurf\/#primaryimage"},"thumbnailUrl":"http:\/\/plaan.cz\/wp-content\/uploads\/2024\/11\/unnamed-5-1024x683.jpg","datePublished":"2025-04-14T09:04:31+00:00","dateModified":"2025-04-14T16:40:42+00:00","breadcrumb":{"@id":"https:\/\/plaan.cz\/en\/podpora-jetsurf\/#breadcrumb"},"inLanguage":"en-GB","potentialAction":[{"@type":"ReadAction","target":["https:\/\/plaan.cz\/en\/podpora-jetsurf\/"]}]},{"@type":"ImageObject","inLanguage":"en-GB","@id":"https:\/\/plaan.cz\/en\/podpora-jetsurf\/#primaryimage","url":"http:\/\/plaan.cz\/wp-content\/uploads\/2024\/11\/unnamed-5-1024x683.jpg","contentUrl":"http:\/\/plaan.cz\/wp-content\/uploads\/2024\/11\/unnamed-5-1024x683.jpg"},{"@type":"BreadcrumbList","@id":"https:\/\/plaan.cz\/en\/podpora-jetsurf\/#breadcrumb","itemListElement":[{"@type":"ListItem","position":1,"name":"Home","item":"https:\/\/plaan.cz\/"},{"@type":"ListItem","position":2,"name":"Podpora JETSURF"}]},{"@type":"WebSite","@id":"https:\/\/plaan.cz\/en\/#website","url":"https:\/\/plaan.cz\/en\/","name":"Plaan","description":"Design and Engineering","publisher":{"@id":"https:\/\/plaan.cz\/en\/#organization"},"potentialAction":[{"@type":"SearchAction","target":{"@type":"EntryPoint","urlTemplate":"https:\/\/plaan.cz\/en\/?s={search_term_string}"},"query-input":{"@type":"PropertyValueSpecification","valueRequired":true,"valueName":"search_term_string"}}],"inLanguage":"en-GB"},{"@type":"Organization","@id":"https:\/\/plaan.cz\/en\/#organization","name":"Plaan","url":"https:\/\/plaan.cz\/en\/","logo":{"@type":"ImageObject","inLanguage":"en-GB","@id":"https:\/\/plaan.cz\/en\/#\/schema\/logo\/image\/","url":"http:\/\/plaan.cz\/wp-content\/uploads\/2025\/01\/uvodka.svg","contentUrl":"http:\/\/plaan.cz\/wp-content\/uploads\/2025\/01\/uvodka.svg","width":1200,"height":700,"caption":"Plaan"},"image":{"@id":"https:\/\/plaan.cz\/en\/#\/schema\/logo\/image\/"},"sameAs":["https:\/\/www.instagram.com\/plaanczech\/"]}]}},"_links":{"self":[{"href":"https:\/\/plaan.cz\/en\/wp-json\/wp\/v2\/pages\/8868","targetHints":{"allow":["GET"]}}],"collection":[{"href":"https:\/\/plaan.cz\/en\/wp-json\/wp\/v2\/pages"}],"about":[{"href":"https:\/\/plaan.cz\/en\/wp-json\/wp\/v2\/types\/page"}],"author":[{"embeddable":true,"href":"https:\/\/plaan.cz\/en\/wp-json\/wp\/v2\/users\/1"}],"replies":[{"embeddable":true,"href":"https:\/\/plaan.cz\/en\/wp-json\/wp\/v2\/comments?post=8868"}],"version-history":[{"count":40,"href":"https:\/\/plaan.cz\/en\/wp-json\/wp\/v2\/pages\/8868\/revisions"}],"predecessor-version":[{"id":8978,"href":"https:\/\/plaan.cz\/en\/wp-json\/wp\/v2\/pages\/8868\/revisions\/8978"}],"wp:attachment":[{"href":"https:\/\/plaan.cz\/en\/wp-json\/wp\/v2\/media?parent=8868"}],"curies":[{"name":"wp","href":"https:\/\/api.w.org\/{rel}","templated":true}]}}