{"id":6482,"date":"2024-03-30T04:17:12","date_gmt":"2024-03-30T02:17:12","guid":{"rendered":"https:\/\/plaan.cz\/produkty-a-sluzby-2\/"},"modified":"2024-11-24T20:02:11","modified_gmt":"2024-11-24T18:02:11","slug":"produkty-a-sluzby","status":"publish","type":"page","link":"https:\/\/plaan.cz\/en\/produkty-a-sluzby\/","title":{"rendered":"PRODUCTS AND SERVICES"},"content":{"rendered":"<div data-elementor-type=\"wp-page\" data-elementor-id=\"6482\" class=\"elementor elementor-6482\" data-elementor-post-type=\"page\">\n\t\t\t\t<div class=\"elementor-element elementor-element-2b09e36 e-flex e-con-boxed e-con e-parent\" data-id=\"2b09e36\" data-element_type=\"container\">\n\t\t\t\t\t<div class=\"e-con-inner\">\n\t\t<div class=\"elementor-element elementor-element-03def52 e-con-full e-flex e-con e-child\" data-id=\"03def52\" data-element_type=\"container\">\n\t\t\t\t<div class=\"elementor-element elementor-element-96bbf17 elementor-widget__width-initial elementor-widget elementor-widget-heading\" data-id=\"96bbf17\" data-element_type=\"widget\" data-widget_type=\"heading.default\">\n\t\t\t\t<div class=\"elementor-widget-container\">\n\t\t\t\t\t<h2 class=\"elementor-heading-title elementor-size-default\">CONSULTING, DESIGN AND SUPPLIER ACTIVITY<\/h2>\t\t\t\t<\/div>\n\t\t\t\t<\/div>\n\t\t\t\t<\/div>\n\t\t<div class=\"elementor-element elementor-element-7e6dc3d e-con-full e-flex e-con e-child\" data-id=\"7e6dc3d\" data-element_type=\"container\">\n\t\t\t\t<div class=\"elementor-element elementor-element-5473f77 elementor-widget__width-initial elementor-widget-mobile__width-inherit elementor-widget elementor-widget-text-editor\" data-id=\"5473f77\" data-element_type=\"widget\" data-widget_type=\"text-editor.default\">\n\t\t\t\t<div class=\"elementor-widget-container\">\n\t\t\t\t\t\t\t\t\t<p>The company\u00a0<strong>plaan czech, s.r.o.<\/strong>\u00a0belongs to the leading Czech companies in the electrical field. The\ncompany provides complex services to its domestic and foreign customers in the area of investment\nconstruction.<\/p><p>These services include all activities in the areas of heavy current to 35 kV, weak current,\nmeasurement and regulation \u2013 from the preparation of the investment plan, through elaborating of\nthe project documentation, the processing of all necessary permits, to the realization and then the\nservice.<\/p>\t\t\t\t\t\t\t\t<\/div>\n\t\t\t\t<\/div>\n\t\t\t\t<\/div>\n\t\t\t\t\t<\/div>\n\t\t\t\t<\/div>\n\t\t<div class=\"elementor-element elementor-element-9641e35 e-flex e-con-boxed e-con e-parent\" data-id=\"9641e35\" data-element_type=\"container\" data-settings=\"{&quot;background_background&quot;:&quot;classic&quot;}\">\n\t\t\t\t\t<div class=\"e-con-inner\">\n\t\t\t\t<div class=\"elementor-element elementor-element-31ac838 elementor-service-style-3 elementor-widget__width-inherit overflow-to-none elementor-widget elementor-widget-rebuilto-services\" data-id=\"31ac838\" data-element_type=\"widget\" data-settings=\"{&quot;slides_to_show&quot;:3,&quot;spaceBetween&quot;:{&quot;unit&quot;:&quot;px&quot;,&quot;size&quot;:30,&quot;sizes&quot;:[]},&quot;spaceBetween_laptop&quot;:{&quot;unit&quot;:&quot;px&quot;,&quot;size&quot;:&quot;&quot;,&quot;sizes&quot;:[]},&quot;spaceBetween_tablet_extra&quot;:{&quot;unit&quot;:&quot;px&quot;,&quot;size&quot;:&quot;&quot;,&quot;sizes&quot;:[]},&quot;spaceBetween_tablet&quot;:{&quot;unit&quot;:&quot;px&quot;,&quot;size&quot;:&quot;&quot;,&quot;sizes&quot;:[]},&quot;spaceBetween_mobile_extra&quot;:{&quot;unit&quot;:&quot;px&quot;,&quot;size&quot;:&quot;&quot;,&quot;sizes&quot;:[]},&quot;spaceBetween_mobile&quot;:{&quot;unit&quot;:&quot;px&quot;,&quot;size&quot;:&quot;&quot;,&quot;sizes&quot;:[]},&quot;swiper_overflow&quot;:&quot;none&quot;,&quot;navigation&quot;:&quot;none&quot;,&quot;enable_scrollbar&quot;:&quot;no&quot;,&quot;autoplay&quot;:&quot;yes&quot;,&quot;pause_on_hover&quot;:&quot;yes&quot;,&quot;pause_on_interaction&quot;:&quot;yes&quot;,&quot;autoplay_speed&quot;:5000,&quot;infinite&quot;:&quot;yes&quot;,&quot;speed&quot;:500}\" data-widget_type=\"rebuilto-services.default\">\n\t\t\t\t<div class=\"elementor-widget-container\">\n\t\t\t\t\t        <div class=\"elementor-service-wrapper\">\n            <div class=\"d-grid\">\n                                    <div class=\"grid-item\">\n                        <div class=\"service-item service-style-3\">\n    <div class=\"service-inner\"\">\n        <div class=\"service-icon-wrap\"><img decoding=\"async\" class=\"service-icon\" src=\"http:\/\/plaan.cz\/wp-content\/uploads\/2024\/11\/diversity_3_80dp_E8EAED_FILL0_wght0_GRAD0_opszNaN.svg\" alt=\"service icon\"><\/div>        <div class=\"service-content\">\n            <h3 class=\"service-title omega\"><a href=\"https:\/\/plaan.cz\/en\/produkty-a-sluzby\/\">Consulting<\/a><\/h3>\n            <div class=\"description\">\n                Technical consulting \u2013 proposal of solution, estimation of costs, energy audit, study of practicability\nand others.            <\/div>\n            <div class=\"service-more-link-wrap style-link\">\n                <a class=\"service-more-link\" href=\"https:\/\/plaan.cz\/en\/produkty-a-sluzby\/\"><i class=\"rebuilto-icon-arrow-up-right\"><\/i><span>Learn More<\/span><\/a>\n            <\/div>\n        <\/div>\n    <\/div>\n<\/div>\n                    <\/div>\n                                        <div class=\"grid-item\">\n                        <div class=\"service-item service-style-3\">\n    <div class=\"service-inner\"\">\n        <div class=\"service-icon-wrap\"><img decoding=\"async\" class=\"service-icon\" src=\"http:\/\/plaan.cz\/wp-content\/uploads\/2024\/11\/contract_80dp_E8EAED_FILL0_wght0_GRAD0_opsz48.svg\" alt=\"service icon\"><\/div>        <div class=\"service-content\">\n            <h3 class=\"service-title omega\"><a href=\"https:\/\/plaan.cz\/en\/produkty-a-sluzby\/\">Design activity<\/a><\/h3>\n            <div class=\"description\">\n                Elaboration of documentation in all levels \u2013 concept, territorial management, building permit, for\nselection of supplier, realization, as-built documentation. Everything both in standard 2D design and\nincluding the use of BIM (3D) technology.             <\/div>\n            <div class=\"service-more-link-wrap style-link\">\n                <a class=\"service-more-link\" href=\"https:\/\/plaan.cz\/en\/produkty-a-sluzby\/\"><i class=\"rebuilto-icon-arrow-up-right\"><\/i><span>Learn More<\/span><\/a>\n            <\/div>\n        <\/div>\n    <\/div>\n<\/div>\n                    <\/div>\n                                        <div class=\"grid-item\">\n                        <div class=\"service-item service-style-3\">\n    <div class=\"service-inner\"\">\n        <div class=\"service-icon-wrap\"><img decoding=\"async\" class=\"service-icon\" src=\"http:\/\/plaan.cz\/wp-content\/uploads\/2024\/11\/draw_80dp_E8EAED_FILL0_wght0_GRAD0_opsz48.svg\" alt=\"service icon\"><\/div>        <div class=\"service-content\">\n            <h3 class=\"service-title omega\"><a href=\"https:\/\/plaan.cz\/en\/produkty-a-sluzby\/\">Engineering activity<\/a><\/h3>\n            <div class=\"description\">\n                Engineering activity in the investment construction \u2013 coordination, project management, author\u00b4s\nsupervision, quality control, complex tests, training of the operating personnel, project handover.            <\/div>\n            <div class=\"service-more-link-wrap style-link\">\n                <a class=\"service-more-link\" href=\"https:\/\/plaan.cz\/en\/produkty-a-sluzby\/\"><i class=\"rebuilto-icon-arrow-up-right\"><\/i><span>Learn More<\/span><\/a>\n            <\/div>\n        <\/div>\n    <\/div>\n<\/div>\n                    <\/div>\n                                        <div class=\"grid-item\">\n                        <div class=\"service-item service-style-3\">\n    <div class=\"service-inner\"\">\n        <div class=\"service-icon-wrap\"><img decoding=\"async\" class=\"service-icon\" src=\"http:\/\/plaan.cz\/wp-content\/uploads\/2024\/11\/graph_2_80dp_E8EAED_FILL0_wght0_GRAD0_opsz48.svg\" alt=\"service icon\"><\/div>        <div class=\"service-content\">\n            <h3 class=\"service-title omega\"><a href=\"https:\/\/plaan.cz\/en\/produkty-a-sluzby\/\">Electrical installation<\/a><\/h3>\n            <div class=\"description\">\n                Supply of the complete electric installation \u2013 medium voltage, low voltage, grounding, lightning\nprotection, measurement and regulation, weak current distributions fire alarm, evacuation radio,\ncamera systems, structured cabling, access and security systems and others.            <\/div>\n            <div class=\"service-more-link-wrap style-link\">\n                <a class=\"service-more-link\" href=\"https:\/\/plaan.cz\/en\/produkty-a-sluzby\/\"><i class=\"rebuilto-icon-arrow-up-right\"><\/i><span>Learn More<\/span><\/a>\n            <\/div>\n        <\/div>\n    <\/div>\n<\/div>\n                    <\/div>\n                                        <div class=\"grid-item\">\n                        <div class=\"service-item service-style-3\">\n    <div class=\"service-inner\"\">\n        <div class=\"service-icon-wrap\"><img decoding=\"async\" class=\"service-icon\" src=\"http:\/\/plaan.cz\/wp-content\/uploads\/2024\/11\/key_80dp_E8EAED_FILL0_wght0_GRAD0_opsz48.svg\" alt=\"service icon\"><\/div>        <div class=\"service-content\">\n            <h3 class=\"service-title omega\"><a href=\"https:\/\/plaan.cz\/en\/produkty-a-sluzby\/\">Turnkey projects<\/a><\/h3>\n            <div class=\"description\">\n                Supply of the whole \u201cturnkey\u201d project \u2013 from the initial concept through construction management,\nrealization to the handover of project to the client and ensuring the service.            <\/div>\n            <div class=\"service-more-link-wrap style-link\">\n                <a class=\"service-more-link\" href=\"https:\/\/plaan.cz\/en\/produkty-a-sluzby\/\"><i class=\"rebuilto-icon-arrow-up-right\"><\/i><span>Learn More<\/span><\/a>\n            <\/div>\n        <\/div>\n    <\/div>\n<\/div>\n                    <\/div>\n                                        <div class=\"grid-item\">\n                        <div class=\"service-item service-style-3\">\n    <div class=\"service-inner\"\">\n        <div class=\"service-icon-wrap\"><img decoding=\"async\" class=\"service-icon\" src=\"http:\/\/plaan.cz\/wp-content\/uploads\/2024\/11\/build_80dp_E8EAED_FILL0_wght0_GRAD0_opsz48.svg\" alt=\"service icon\"><\/div>        <div class=\"service-content\">\n            <h3 class=\"service-title omega\"><a href=\"https:\/\/plaan.cz\/en\/produkty-a-sluzby\/\">Service<\/a><\/h3>\n            <div class=\"description\">\n                Maintenance, monitoring, revision, complete inspection, measurement of network quality and\nothers.            <\/div>\n            <div class=\"service-more-link-wrap style-link\">\n                <a class=\"service-more-link\" href=\"https:\/\/plaan.cz\/en\/produkty-a-sluzby\/\"><i class=\"rebuilto-icon-arrow-up-right\"><\/i><span>Learn More<\/span><\/a>\n            <\/div>\n        <\/div>\n    <\/div>\n<\/div>\n                    <\/div>\n                                <\/div>\n\n        <\/div>\n                \t\t\t\t<\/div>\n\t\t\t\t<\/div>\n\t\t<div class=\"elementor-element elementor-element-5dca990 e-con-full elementor-hidden-desktop elementor-hidden-laptop elementor-hidden-tablet_extra elementor-hidden-tablet elementor-hidden-mobile_extra e-flex e-con e-child\" data-id=\"5dca990\" data-element_type=\"container\">\n\t\t\t\t<div class=\"elementor-element elementor-element-56ff9dd elementor-widget elementor-widget-spacer\" data-id=\"56ff9dd\" data-element_type=\"widget\" data-widget_type=\"spacer.default\">\n\t\t\t\t<div class=\"elementor-widget-container\">\n\t\t\t\t\t\t\t<div class=\"elementor-spacer\">\n\t\t\t<div class=\"elementor-spacer-inner\"><\/div>\n\t\t<\/div>\n\t\t\t\t\t\t<\/div>\n\t\t\t\t<\/div>\n\t\t\t\t<\/div>\n\t\t\t\t\t<\/div>\n\t\t\t\t<\/div>\n\t\t\t\t<\/div>","protected":false},"excerpt":{"rendered":"<p>PORADENSK\u00c1, PROJEK\u010cN\u00cd A DODAVATELSK\u00c1 \u010cINNOST Spole\u010dnost\u00a0plaan czech, s.r.o.\u00a0pat\u0159\u00ed mezi p\u0159edn\u00ed \u010desk\u00e9 spole\u010dnosti v oboru elektro. Firma poskytuje sv\u00fdm dom\u00e1c\u00edm i zahrani\u010dn\u00edm z\u00e1kazn\u00edk\u016fm komplexn\u00ed slu\u017eby v oblasti investi\u010dn\u00ed v\u00fdstavby. Tyto slu\u017eby zahrnuj\u00ed ve\u0161ker\u00e9 \u010dinnosti v oblastech silnoproudu do 35 kV, slaboproudu, m\u011b\u0159en\u00ed a regulace. Od p\u0159\u00edpravy investi\u010dn\u00edho z\u00e1m\u011bru, p\u0159es zpracov\u00e1n\u00ed projektov\u00e9 dokumentace, vy\u0159\u00edzen\u00ed v\u0161ech pot\u0159ebn\u00fdch povolen\u00ed, [&hellip;]<\/p>","protected":false},"author":1,"featured_media":0,"parent":0,"menu_order":0,"comment_status":"closed","ping_status":"closed","template":"template-homepage.php","meta":{"footnotes":"","_links_to":"","_links_to_target":""},"class_list":["post-6482","page","type-page","status-publish","hentry"],"yoast_head":"<!-- This site is optimized with the Yoast SEO Premium plugin v20.11 (Yoast SEO v26.8) - https:\/\/yoast.com\/product\/yoast-seo-premium-wordpress\/ -->\n<title>Produkty a slu\u017eby - Plaan<\/title>\n<meta name=\"robots\" content=\"index, follow, max-snippet:-1, max-image-preview:large, max-video-preview:-1\" \/>\n<link rel=\"canonical\" href=\"https:\/\/plaan.cz\/en\/produkty-a-sluzby\/\" \/>\n<meta property=\"og:locale\" content=\"en_GB\" \/>\n<meta property=\"og:type\" content=\"article\" \/>\n<meta property=\"og:title\" content=\"Produkty a slu\u017eby\" \/>\n<meta property=\"og:description\" content=\"PORADENSK\u00c1, PROJEK\u010cN\u00cd A DODAVATELSK\u00c1 \u010cINNOST Spole\u010dnost\u00a0plaan czech, s.r.o.\u00a0pat\u0159\u00ed mezi p\u0159edn\u00ed \u010desk\u00e9 spole\u010dnosti v oboru elektro. Firma poskytuje sv\u00fdm dom\u00e1c\u00edm i zahrani\u010dn\u00edm z\u00e1kazn\u00edk\u016fm komplexn\u00ed slu\u017eby v oblasti investi\u010dn\u00ed v\u00fdstavby. Tyto slu\u017eby zahrnuj\u00ed ve\u0161ker\u00e9 \u010dinnosti v oblastech silnoproudu do 35 kV, slaboproudu, m\u011b\u0159en\u00ed a regulace. Od p\u0159\u00edpravy investi\u010dn\u00edho z\u00e1m\u011bru, p\u0159es zpracov\u00e1n\u00ed projektov\u00e9 dokumentace, vy\u0159\u00edzen\u00ed v\u0161ech pot\u0159ebn\u00fdch povolen\u00ed, [&hellip;]\" \/>\n<meta property=\"og:url\" content=\"https:\/\/plaan.cz\/en\/produkty-a-sluzby\/\" \/>\n<meta property=\"og:site_name\" content=\"Plaan\" \/>\n<meta property=\"article:modified_time\" content=\"2024-11-24T18:02:11+00:00\" \/>\n<meta property=\"og:image\" content=\"http:\/\/plaan.cz\/wp-content\/uploads\/2024\/11\/diversity_3_80dp_E8EAED_FILL0_wght0_GRAD0_opszNaN.svg\" \/>\n<meta name=\"twitter:card\" content=\"summary_large_image\" \/>\n<meta name=\"twitter:label1\" content=\"Estimated reading time\" \/>\n\t<meta name=\"twitter:data1\" content=\"3 minutes\" \/>\n<script type=\"application\/ld+json\" class=\"yoast-schema-graph\">{\"@context\":\"https:\/\/schema.org\",\"@graph\":[{\"@type\":\"WebPage\",\"@id\":\"https:\/\/plaan.cz\/en\/produkty-a-sluzby\/\",\"url\":\"https:\/\/plaan.cz\/en\/produkty-a-sluzby\/\",\"name\":\"Produkty a slu\u017eby - Plaan\",\"isPartOf\":{\"@id\":\"https:\/\/plaan.cz\/en\/#website\"},\"primaryImageOfPage\":{\"@id\":\"https:\/\/plaan.cz\/en\/produkty-a-sluzby\/#primaryimage\"},\"image\":{\"@id\":\"https:\/\/plaan.cz\/en\/produkty-a-sluzby\/#primaryimage\"},\"thumbnailUrl\":\"http:\/\/plaan.cz\/wp-content\/uploads\/2024\/11\/diversity_3_80dp_E8EAED_FILL0_wght0_GRAD0_opszNaN.svg\",\"datePublished\":\"2024-03-30T02:17:12+00:00\",\"dateModified\":\"2024-11-24T18:02:11+00:00\",\"breadcrumb\":{\"@id\":\"https:\/\/plaan.cz\/en\/produkty-a-sluzby\/#breadcrumb\"},\"inLanguage\":\"en-GB\",\"potentialAction\":[{\"@type\":\"ReadAction\",\"target\":[\"https:\/\/plaan.cz\/en\/produkty-a-sluzby\/\"]}]},{\"@type\":\"ImageObject\",\"inLanguage\":\"en-GB\",\"@id\":\"https:\/\/plaan.cz\/en\/produkty-a-sluzby\/#primaryimage\",\"url\":\"http:\/\/plaan.cz\/wp-content\/uploads\/2024\/11\/diversity_3_80dp_E8EAED_FILL0_wght0_GRAD0_opszNaN.svg\",\"contentUrl\":\"http:\/\/plaan.cz\/wp-content\/uploads\/2024\/11\/diversity_3_80dp_E8EAED_FILL0_wght0_GRAD0_opszNaN.svg\"},{\"@type\":\"BreadcrumbList\",\"@id\":\"https:\/\/plaan.cz\/en\/produkty-a-sluzby\/#breadcrumb\",\"itemListElement\":[{\"@type\":\"ListItem\",\"position\":1,\"name\":\"Home\",\"item\":\"https:\/\/plaan.cz\/\"},{\"@type\":\"ListItem\",\"position\":2,\"name\":\"Produkty a slu\u017eby\"}]},{\"@type\":\"WebSite\",\"@id\":\"https:\/\/plaan.cz\/en\/#website\",\"url\":\"https:\/\/plaan.cz\/en\/\",\"name\":\"Plaan\",\"description\":\"Design and Engineering\",\"publisher\":{\"@id\":\"https:\/\/plaan.cz\/en\/#organization\"},\"potentialAction\":[{\"@type\":\"SearchAction\",\"target\":{\"@type\":\"EntryPoint\",\"urlTemplate\":\"https:\/\/plaan.cz\/en\/?s={search_term_string}\"},\"query-input\":{\"@type\":\"PropertyValueSpecification\",\"valueRequired\":true,\"valueName\":\"search_term_string\"}}],\"inLanguage\":\"en-GB\"},{\"@type\":\"Organization\",\"@id\":\"https:\/\/plaan.cz\/en\/#organization\",\"name\":\"Plaan\",\"url\":\"https:\/\/plaan.cz\/en\/\",\"logo\":{\"@type\":\"ImageObject\",\"inLanguage\":\"en-GB\",\"@id\":\"https:\/\/plaan.cz\/en\/#\/schema\/logo\/image\/\",\"url\":\"http:\/\/plaan.cz\/wp-content\/uploads\/2025\/01\/uvodka.svg\",\"contentUrl\":\"http:\/\/plaan.cz\/wp-content\/uploads\/2025\/01\/uvodka.svg\",\"width\":1200,\"height\":700,\"caption\":\"Plaan\"},\"image\":{\"@id\":\"https:\/\/plaan.cz\/en\/#\/schema\/logo\/image\/\"},\"sameAs\":[\"https:\/\/www.instagram.com\/plaanczech\/\"]}]}<\/script>\n<!-- \/ Yoast SEO Premium plugin. -->","yoast_head_json":{"title":"Produkty a slu\u017eby - Plaan","robots":{"index":"index","follow":"follow","max-snippet":"max-snippet:-1","max-image-preview":"max-image-preview:large","max-video-preview":"max-video-preview:-1"},"canonical":"https:\/\/plaan.cz\/en\/produkty-a-sluzby\/","og_locale":"en_GB","og_type":"article","og_title":"Produkty a slu\u017eby","og_description":"PORADENSK\u00c1, PROJEK\u010cN\u00cd A DODAVATELSK\u00c1 \u010cINNOST Spole\u010dnost\u00a0plaan czech, s.r.o.\u00a0pat\u0159\u00ed mezi p\u0159edn\u00ed \u010desk\u00e9 spole\u010dnosti v oboru elektro. Firma poskytuje sv\u00fdm dom\u00e1c\u00edm i zahrani\u010dn\u00edm z\u00e1kazn\u00edk\u016fm komplexn\u00ed slu\u017eby v oblasti investi\u010dn\u00ed v\u00fdstavby. Tyto slu\u017eby zahrnuj\u00ed ve\u0161ker\u00e9 \u010dinnosti v oblastech silnoproudu do 35 kV, slaboproudu, m\u011b\u0159en\u00ed a regulace. Od p\u0159\u00edpravy investi\u010dn\u00edho z\u00e1m\u011bru, p\u0159es zpracov\u00e1n\u00ed projektov\u00e9 dokumentace, vy\u0159\u00edzen\u00ed v\u0161ech pot\u0159ebn\u00fdch povolen\u00ed, [&hellip;]","og_url":"https:\/\/plaan.cz\/en\/produkty-a-sluzby\/","og_site_name":"Plaan","article_modified_time":"2024-11-24T18:02:11+00:00","og_image":[{"url":"http:\/\/plaan.cz\/wp-content\/uploads\/2024\/11\/diversity_3_80dp_E8EAED_FILL0_wght0_GRAD0_opszNaN.svg","type":"","width":"","height":""}],"twitter_card":"summary_large_image","twitter_misc":{"Estimated reading time":"3 minutes"},"schema":{"@context":"https:\/\/schema.org","@graph":[{"@type":"WebPage","@id":"https:\/\/plaan.cz\/en\/produkty-a-sluzby\/","url":"https:\/\/plaan.cz\/en\/produkty-a-sluzby\/","name":"Produkty a slu\u017eby - Plaan","isPartOf":{"@id":"https:\/\/plaan.cz\/en\/#website"},"primaryImageOfPage":{"@id":"https:\/\/plaan.cz\/en\/produkty-a-sluzby\/#primaryimage"},"image":{"@id":"https:\/\/plaan.cz\/en\/produkty-a-sluzby\/#primaryimage"},"thumbnailUrl":"http:\/\/plaan.cz\/wp-content\/uploads\/2024\/11\/diversity_3_80dp_E8EAED_FILL0_wght0_GRAD0_opszNaN.svg","datePublished":"2024-03-30T02:17:12+00:00","dateModified":"2024-11-24T18:02:11+00:00","breadcrumb":{"@id":"https:\/\/plaan.cz\/en\/produkty-a-sluzby\/#breadcrumb"},"inLanguage":"en-GB","potentialAction":[{"@type":"ReadAction","target":["https:\/\/plaan.cz\/en\/produkty-a-sluzby\/"]}]},{"@type":"ImageObject","inLanguage":"en-GB","@id":"https:\/\/plaan.cz\/en\/produkty-a-sluzby\/#primaryimage","url":"http:\/\/plaan.cz\/wp-content\/uploads\/2024\/11\/diversity_3_80dp_E8EAED_FILL0_wght0_GRAD0_opszNaN.svg","contentUrl":"http:\/\/plaan.cz\/wp-content\/uploads\/2024\/11\/diversity_3_80dp_E8EAED_FILL0_wght0_GRAD0_opszNaN.svg"},{"@type":"BreadcrumbList","@id":"https:\/\/plaan.cz\/en\/produkty-a-sluzby\/#breadcrumb","itemListElement":[{"@type":"ListItem","position":1,"name":"Home","item":"https:\/\/plaan.cz\/"},{"@type":"ListItem","position":2,"name":"Produkty a slu\u017eby"}]},{"@type":"WebSite","@id":"https:\/\/plaan.cz\/en\/#website","url":"https:\/\/plaan.cz\/en\/","name":"Plaan","description":"Design and Engineering","publisher":{"@id":"https:\/\/plaan.cz\/en\/#organization"},"potentialAction":[{"@type":"SearchAction","target":{"@type":"EntryPoint","urlTemplate":"https:\/\/plaan.cz\/en\/?s={search_term_string}"},"query-input":{"@type":"PropertyValueSpecification","valueRequired":true,"valueName":"search_term_string"}}],"inLanguage":"en-GB"},{"@type":"Organization","@id":"https:\/\/plaan.cz\/en\/#organization","name":"Plaan","url":"https:\/\/plaan.cz\/en\/","logo":{"@type":"ImageObject","inLanguage":"en-GB","@id":"https:\/\/plaan.cz\/en\/#\/schema\/logo\/image\/","url":"http:\/\/plaan.cz\/wp-content\/uploads\/2025\/01\/uvodka.svg","contentUrl":"http:\/\/plaan.cz\/wp-content\/uploads\/2025\/01\/uvodka.svg","width":1200,"height":700,"caption":"Plaan"},"image":{"@id":"https:\/\/plaan.cz\/en\/#\/schema\/logo\/image\/"},"sameAs":["https:\/\/www.instagram.com\/plaanczech\/"]}]}},"_links":{"self":[{"href":"https:\/\/plaan.cz\/en\/wp-json\/wp\/v2\/pages\/6482","targetHints":{"allow":["GET"]}}],"collection":[{"href":"https:\/\/plaan.cz\/en\/wp-json\/wp\/v2\/pages"}],"about":[{"href":"https:\/\/plaan.cz\/en\/wp-json\/wp\/v2\/types\/page"}],"author":[{"embeddable":true,"href":"https:\/\/plaan.cz\/en\/wp-json\/wp\/v2\/users\/1"}],"replies":[{"embeddable":true,"href":"https:\/\/plaan.cz\/en\/wp-json\/wp\/v2\/comments?post=6482"}],"version-history":[{"count":95,"href":"https:\/\/plaan.cz\/en\/wp-json\/wp\/v2\/pages\/6482\/revisions"}],"predecessor-version":[{"id":8369,"href":"https:\/\/plaan.cz\/en\/wp-json\/wp\/v2\/pages\/6482\/revisions\/8369"}],"wp:attachment":[{"href":"https:\/\/plaan.cz\/en\/wp-json\/wp\/v2\/media?parent=6482"}],"curies":[{"name":"wp","href":"https:\/\/api.w.org\/{rel}","templated":true}]}}