{"id":48,"date":"2024-03-25T02:46:22","date_gmt":"2024-03-25T02:46:22","guid":{"rendered":"https:\/\/demo2wpopal.b-cdn.net\/rebuilto\/?page_id=48"},"modified":"2025-04-14T16:16:41","modified_gmt":"2025-04-14T14:16:41","slug":"pordporujeme","status":"publish","type":"page","link":"https:\/\/plaan.cz\/en\/podporujeme\/","title":{"rendered":"WE ARE SUPPORTING"},"content":{"rendered":"<div data-elementor-type=\"wp-page\" data-elementor-id=\"48\" class=\"elementor elementor-48\" data-elementor-post-type=\"page\">\n\t\t\t\t<div class=\"elementor-element elementor-element-5001ecf e-flex e-con-boxed e-con e-parent\" data-id=\"5001ecf\" data-element_type=\"container\">\n\t\t\t\t\t<div class=\"e-con-inner\">\n\t\t<div class=\"elementor-element elementor-element-e10adcb e-con-full e-flex e-con e-child\" data-id=\"e10adcb\" data-element_type=\"container\">\n\t\t\t\t<div class=\"elementor-element elementor-element-e506bad elementor-widget__width-initial elementor-widget elementor-widget-heading\" data-id=\"e506bad\" data-element_type=\"widget\" data-widget_type=\"heading.default\">\n\t\t\t\t<div class=\"elementor-widget-container\">\n\t\t\t\t\t<h2 class=\"elementor-heading-title elementor-size-default\">SUPPORTED PROJECTS<\/h2>\t\t\t\t<\/div>\n\t\t\t\t<\/div>\n\t\t\t\t<div class=\"elementor-element elementor-element-0a105f4 elementor-widget elementor-widget-spacer\" data-id=\"0a105f4\" data-element_type=\"widget\" data-widget_type=\"spacer.default\">\n\t\t\t\t<div class=\"elementor-widget-container\">\n\t\t\t\t\t\t\t<div class=\"elementor-spacer\">\n\t\t\t<div class=\"elementor-spacer-inner\"><\/div>\n\t\t<\/div>\n\t\t\t\t\t\t<\/div>\n\t\t\t\t<\/div>\n\t\t\t\t<\/div>\n\t\t<div class=\"elementor-element elementor-element-6a5b739 e-con-full e-flex e-con e-child\" data-id=\"6a5b739\" data-element_type=\"container\">\n\t\t\t\t<\/div>\n\t\t<div class=\"elementor-element elementor-element-4c15c59 e-con-full e-flex e-con e-child\" data-id=\"4c15c59\" data-element_type=\"container\">\n\t\t\t\t<div class=\"elementor-element elementor-element-3055f2d elementor-widget__width-inherit awardsbox-layout-1 elementor-widget elementor-widget-rebuilto-awards-box\" data-id=\"3055f2d\" data-element_type=\"widget\" data-settings=\"{&quot;awardsbox_layout&quot;:&quot;1&quot;}\" data-widget_type=\"rebuilto-awards-box.default\">\n\t\t\t\t<div class=\"elementor-widget-container\">\n\t\t\t\t\t\n        <div class=\"elementor-awardsbox-item-wrapper\">\n            <div class=\"elementor-awardsbox-wrapper-inner\">\n                <div class=\"layout-1 d-grid\">\n                                            <div class=\"elementor-awardsbox-item grid-item\" data-goto=\"0\">\n                            <div class=\"awardsbox-item-inner\">\n                                            <div class=\"awards-image\">\n                <img fetchpriority=\"high\" decoding=\"async\" width=\"900\" height=\"514\" src=\"https:\/\/plaan.cz\/wp-content\/uploads\/2024\/11\/Solidarita-roku-2024-Dary-pro-povodne-a-jejich-danove-uplatneni-66f1223beeb93-1024x585.jpg\" class=\"attachment-large size-large wp-image-7100\" alt=\"\" srcset=\"https:\/\/plaan.cz\/wp-content\/uploads\/2024\/11\/Solidarita-roku-2024-Dary-pro-povodne-a-jejich-danove-uplatneni-66f1223beeb93-1024x585.jpg 1024w, https:\/\/plaan.cz\/wp-content\/uploads\/2024\/11\/Solidarita-roku-2024-Dary-pro-povodne-a-jejich-danove-uplatneni-66f1223beeb93-300x171.jpg 300w, https:\/\/plaan.cz\/wp-content\/uploads\/2024\/11\/Solidarita-roku-2024-Dary-pro-povodne-a-jejich-danove-uplatneni-66f1223beeb93-768x439.jpg 768w, https:\/\/plaan.cz\/wp-content\/uploads\/2024\/11\/Solidarita-roku-2024-Dary-pro-povodne-a-jejich-danove-uplatneni-66f1223beeb93-18x10.jpg 18w, https:\/\/plaan.cz\/wp-content\/uploads\/2024\/11\/Solidarita-roku-2024-Dary-pro-povodne-a-jejich-danove-uplatneni-66f1223beeb93.jpg 1456w\" sizes=\"(max-width: 900px) 100vw, 900px\" \/>            <\/div>\n                                        <div class=\"awards-content\">\n\n                                                                            <div class=\"awards-year\"><span>SUPPORT OF SOLIDARITY<\/span><\/div>\n                                                                        <div class=\"awards-content-header\">\n                                        <a href=\"https:\/\/mmr.gov.cz\/cs\/ministerstvo\/povodne-2024\">\n                                            <div class=\"awards-name\">Contribution to municipalities affected by floods in 2024<\/div>                                        <\/a>\n                                                                                    <div class=\"awards-description\">Providing a contribution to municipalities affected by floods in 2024 in the Czech Republic.<\/div>\n                                                                            <\/div>\n                                    <div class=\"awards-more-link-wrap style-link\">\n                                        <a class=\"awards-more-link\" href=\"https:\/\/mmr.gov.cz\/cs\/ministerstvo\/povodne-2024\">\n                                                                                            <i class=\"rebuilto-icon-arrow-up-right\"><\/i>\n                                                <span>FLOODS 2024<\/span>\n                                                                                    <\/a>\n                                    <\/div>\n                                <\/div>\n\n                            <\/div>\n                        <\/div>\n                                                <div class=\"elementor-awardsbox-item grid-item\" data-goto=\"1\">\n                            <div class=\"awardsbox-item-inner\">\n                                            <div class=\"awards-image\">\n                <img decoding=\"async\" width=\"900\" height=\"675\" src=\"https:\/\/plaan.cz\/wp-content\/uploads\/2024\/11\/Auto_Charita-1024x768.jpg\" class=\"attachment-large size-large wp-image-7101\" alt=\"\" srcset=\"https:\/\/plaan.cz\/wp-content\/uploads\/2024\/11\/Auto_Charita-1024x768.jpg 1024w, https:\/\/plaan.cz\/wp-content\/uploads\/2024\/11\/Auto_Charita-300x225.jpg 300w, https:\/\/plaan.cz\/wp-content\/uploads\/2024\/11\/Auto_Charita-768x576.jpg 768w, https:\/\/plaan.cz\/wp-content\/uploads\/2024\/11\/Auto_Charita-1536x1152.jpg 1536w, https:\/\/plaan.cz\/wp-content\/uploads\/2024\/11\/Auto_Charita-2048x1536.jpg 2048w, https:\/\/plaan.cz\/wp-content\/uploads\/2024\/11\/Auto_Charita-16x12.jpg 16w\" sizes=\"(max-width: 900px) 100vw, 900px\" \/>            <\/div>\n                                        <div class=\"awards-content\">\n\n                                                                            <div class=\"awards-year\"><span>SUPPORT OF SOLIDARITY<\/span><\/div>\n                                                                        <div class=\"awards-content-header\">\n                                        <a href=\"https:\/\/www.kromeriz.charita.cz\/\">\n                                            <div class=\"awards-name\">Charitable care service of Charity Krom\u011b\u0159\u00ed\u017e<\/div>                                        <\/a>\n                                                                                    <div class=\"awards-description\">Charitable care service of Charity Krom\u011b\u0159\u00ed\u017e \u2013 contribution to the purchase and operation of the\n\u201cSocial Car\u201d.<\/div>\n                                                                            <\/div>\n                                    <div class=\"awards-more-link-wrap style-link\">\n                                        <a class=\"awards-more-link\" href=\"https:\/\/www.kromeriz.charita.cz\/\">\n                                                                                            <i class=\"rebuilto-icon-arrow-up-right\"><\/i>\n                                                <span>CHARITY KROM\u011a\u0158\u00cd\u017d<\/span>\n                                                                                    <\/a>\n                                    <\/div>\n                                <\/div>\n\n                            <\/div>\n                        <\/div>\n                                                <div class=\"elementor-awardsbox-item grid-item\" data-goto=\"2\">\n                            <div class=\"awardsbox-item-inner\">\n                                            <div class=\"awards-image\">\n                <img decoding=\"async\" width=\"900\" height=\"600\" src=\"https:\/\/plaan.cz\/wp-content\/uploads\/2024\/11\/unnamed-5-1024x683.jpg\" class=\"attachment-large size-large wp-image-7075\" alt=\"\" srcset=\"https:\/\/plaan.cz\/wp-content\/uploads\/2024\/11\/unnamed-5-1024x683.jpg 1024w, https:\/\/plaan.cz\/wp-content\/uploads\/2024\/11\/unnamed-5-300x200.jpg 300w, https:\/\/plaan.cz\/wp-content\/uploads\/2024\/11\/unnamed-5-768x512.jpg 768w, https:\/\/plaan.cz\/wp-content\/uploads\/2024\/11\/unnamed-5-18x12.jpg 18w, https:\/\/plaan.cz\/wp-content\/uploads\/2024\/11\/unnamed-5.jpg 1280w\" sizes=\"(max-width: 900px) 100vw, 900px\" \/>            <\/div>\n                                        <div class=\"awards-content\">\n\n                                                                            <div class=\"awards-year\"><span>SUPPORT OF SPORTS<\/span><\/div>\n                                                                        <div class=\"awards-content-header\">\n                                        <a href=\"\/podpora-jetsurf\">\n                                            <div class=\"awards-name\">Support of JETSURF<\/div>                                        <\/a>\n                                                                                    <div class=\"awards-description\">We are supporting one of the most successful team in Jetsurf \u2013 ROCKET RACING.<\/div>\n                                                                            <\/div>\n                                    <div class=\"awards-more-link-wrap style-link\">\n                                        <a class=\"awards-more-link\" href=\"\/podpora-jetsurf\">\n                                                                                            <i class=\"rebuilto-icon-arrow-up-right\"><\/i>\n                                                <span>JETSURF<\/span>\n                                                                                    <\/a>\n                                    <\/div>\n                                <\/div>\n\n                            <\/div>\n                        <\/div>\n                                                <div class=\"elementor-awardsbox-item grid-item\" data-goto=\"3\">\n                            <div class=\"awardsbox-item-inner\">\n                                            <div class=\"awards-image\">\n                <img loading=\"lazy\" decoding=\"async\" width=\"800\" height=\"600\" src=\"https:\/\/plaan.cz\/wp-content\/uploads\/2024\/11\/img_4847.jpg\" class=\"attachment-large size-large wp-image-7147\" alt=\"\" srcset=\"https:\/\/plaan.cz\/wp-content\/uploads\/2024\/11\/img_4847.jpg 800w, https:\/\/plaan.cz\/wp-content\/uploads\/2024\/11\/img_4847-300x225.jpg 300w, https:\/\/plaan.cz\/wp-content\/uploads\/2024\/11\/img_4847-768x576.jpg 768w, https:\/\/plaan.cz\/wp-content\/uploads\/2024\/11\/img_4847-16x12.jpg 16w\" sizes=\"(max-width: 800px) 100vw, 800px\" \/>            <\/div>\n                                        <div class=\"awards-content\">\n\n                                                                            <div class=\"awards-year\"><span>SUPPORT OF SOLIDARITY<\/span><\/div>\n                                                                        <div class=\"awards-content-header\">\n                                        <a href=\"https:\/\/www.centrumnarovinu.cz\/\">\n                                            <div class=\"awards-name\">\u201cNarovinu\u201d Center<\/div>                                        <\/a>\n                                                                                    <div class=\"awards-description\">Contribution to the program Adoption from a distance \u2013 support for children in Kenya.<\/div>\n                                                                            <\/div>\n                                    <div class=\"awards-more-link-wrap style-link\">\n                                        <a class=\"awards-more-link\" href=\"https:\/\/www.centrumnarovinu.cz\/\">\n                                                                                            <i class=\"rebuilto-icon-arrow-up-right\"><\/i>\n                                                <span>NAROVINU CENTER<\/span>\n                                                                                    <\/a>\n                                    <\/div>\n                                <\/div>\n\n                            <\/div>\n                        <\/div>\n                                                <div class=\"elementor-awardsbox-item grid-item\" data-goto=\"4\">\n                            <div class=\"awardsbox-item-inner\">\n                                            <div class=\"awards-image\">\n                <img loading=\"lazy\" decoding=\"async\" width=\"900\" height=\"506\" src=\"https:\/\/plaan.cz\/wp-content\/uploads\/2024\/11\/dsc04406-1024x576.jpg\" class=\"attachment-large size-large wp-image-7107\" alt=\"\" srcset=\"https:\/\/plaan.cz\/wp-content\/uploads\/2024\/11\/dsc04406-1024x576.jpg 1024w, https:\/\/plaan.cz\/wp-content\/uploads\/2024\/11\/dsc04406-300x169.jpg 300w, https:\/\/plaan.cz\/wp-content\/uploads\/2024\/11\/dsc04406-768x432.jpg 768w, https:\/\/plaan.cz\/wp-content\/uploads\/2024\/11\/dsc04406-1536x864.jpg 1536w, https:\/\/plaan.cz\/wp-content\/uploads\/2024\/11\/dsc04406-18x10.jpg 18w, https:\/\/plaan.cz\/wp-content\/uploads\/2024\/11\/dsc04406.jpg 1920w\" sizes=\"(max-width: 900px) 100vw, 900px\" \/>            <\/div>\n                                        <div class=\"awards-content\">\n\n                                                                            <div class=\"awards-year\"><span>SUPPORT OF SPORTS<\/span><\/div>\n                                                                        <div class=\"awards-content-header\">\n                                        <a href=\"https:\/\/basketbal-prerov.webnode.cz\/\">\n                                            <div class=\"awards-name\">Support of the P\u0159erov basketball club<\/div>                                        <\/a>\n                                                                                    <div class=\"awards-description\">Support of the P\u0159erov basketball club<\/div>\n                                                                            <\/div>\n                                    <div class=\"awards-more-link-wrap style-link\">\n                                        <a class=\"awards-more-link\" href=\"https:\/\/basketbal-prerov.webnode.cz\/\">\n                                                                                            <i class=\"rebuilto-icon-arrow-up-right\"><\/i>\n                                                <span>BASKETBALL CLUB P\u0158EROV<\/span>\n                                                                                    <\/a>\n                                    <\/div>\n                                <\/div>\n\n                            <\/div>\n                        <\/div>\n                                        <\/div>\n                            <\/div>\n        <\/div>\n        \t\t\t\t<\/div>\n\t\t\t\t<\/div>\n\t\t\t\t<\/div>\n\t\t\t\t\t<\/div>\n\t\t\t\t<\/div>\n\t\t<div class=\"elementor-element elementor-element-4a70831 elementor-hidden-desktop elementor-hidden-laptop elementor-hidden-tablet_extra elementor-hidden-tablet elementor-hidden-mobile_extra e-flex e-con-boxed e-con e-parent\" data-id=\"4a70831\" data-element_type=\"container\">\n\t\t\t\t\t<div class=\"e-con-inner\">\n\t\t\t\t<div class=\"elementor-element elementor-element-eddf16e elementor-widget elementor-widget-spacer\" data-id=\"eddf16e\" data-element_type=\"widget\" data-widget_type=\"spacer.default\">\n\t\t\t\t<div class=\"elementor-widget-container\">\n\t\t\t\t\t\t\t<div class=\"elementor-spacer\">\n\t\t\t<div class=\"elementor-spacer-inner\"><\/div>\n\t\t<\/div>\n\t\t\t\t\t\t<\/div>\n\t\t\t\t<\/div>\n\t\t\t\t\t<\/div>\n\t\t\t\t<\/div>\n\t\t\t\t<\/div>","protected":false},"excerpt":{"rendered":"<p>Podporovan\u00e9 projekty PODPORA SOLIDARITY P\u0159\u00edsp\u011bvek obc\u00edm zasa\u017een\u00fdch povodn\u011bmi v roce 2024 Poskytnut\u00ed p\u0159\u00edsp\u011bvku obc\u00edm posti\u017een\u00fdm povodn\u011bmi v roce 2024 na \u00fazem\u00ed \u010cR. POVODN\u011a 2024 PODPORA SOLIDARITY Charitativn\u00ed pe\u010dovatelsk\u00e1 slu\u017eba Charity Krom\u011b\u0159\u00ed\u017e Charitn\u00ed pe\u010dovatelsk\u00e1 slu\u017eba Charity Krom\u011b\u0159\u00ed\u017e \u2013 p\u0159\u00edsp\u011bvek na n\u00e1kup a provoz \u201eSoci\u00e1ln\u00edho automobilu\u201c. CHARITA KROM\u011a\u0158\u00cd\u017d PODPORA SPORTU Podpora JETSURF Podporujeme jeden z nej\u00fasp\u011b\u0161n\u011bj\u0161\u00edch t\u00fdm\u016f [&hellip;]<\/p>","protected":false},"author":1,"featured_media":7075,"parent":0,"menu_order":0,"comment_status":"closed","ping_status":"closed","template":"template-homepage.php","meta":{"footnotes":"","_links_to":"","_links_to_target":""},"class_list":["post-48","page","type-page","status-publish","has-post-thumbnail","hentry"],"yoast_head":"<!-- This site is optimized with the Yoast SEO Premium plugin v20.11 (Yoast SEO v26.8) - https:\/\/yoast.com\/product\/yoast-seo-premium-wordpress\/ -->\n<title>Podporujeme - Plaan<\/title>\n<meta name=\"robots\" content=\"index, follow, max-snippet:-1, max-image-preview:large, max-video-preview:-1\" \/>\n<link rel=\"canonical\" href=\"https:\/\/plaan.cz\/en\/podporujeme\/\" \/>\n<meta property=\"og:locale\" content=\"en_GB\" \/>\n<meta property=\"og:type\" content=\"article\" \/>\n<meta property=\"og:title\" content=\"Podporujeme\" \/>\n<meta property=\"og:description\" content=\"Podporovan\u00e9 projekty PODPORA SOLIDARITY P\u0159\u00edsp\u011bvek obc\u00edm zasa\u017een\u00fdch povodn\u011bmi v roce 2024 Poskytnut\u00ed p\u0159\u00edsp\u011bvku obc\u00edm posti\u017een\u00fdm povodn\u011bmi v roce 2024 na \u00fazem\u00ed \u010cR. POVODN\u011a 2024 PODPORA SOLIDARITY Charitativn\u00ed pe\u010dovatelsk\u00e1 slu\u017eba Charity Krom\u011b\u0159\u00ed\u017e Charitn\u00ed pe\u010dovatelsk\u00e1 slu\u017eba Charity Krom\u011b\u0159\u00ed\u017e \u2013 p\u0159\u00edsp\u011bvek na n\u00e1kup a provoz \u201eSoci\u00e1ln\u00edho automobilu\u201c. CHARITA KROM\u011a\u0158\u00cd\u017d PODPORA SPORTU Podpora JETSURF Podporujeme jeden z nej\u00fasp\u011b\u0161n\u011bj\u0161\u00edch t\u00fdm\u016f [&hellip;]\" \/>\n<meta property=\"og:url\" content=\"https:\/\/plaan.cz\/en\/podporujeme\/\" \/>\n<meta property=\"og:site_name\" content=\"Plaan\" \/>\n<meta property=\"article:modified_time\" content=\"2025-04-14T14:16:41+00:00\" \/>\n<meta property=\"og:image\" content=\"http:\/\/plaan.cz\/wp-content\/uploads\/2024\/11\/unnamed-5.jpg\" \/>\n\t<meta property=\"og:image:width\" content=\"1280\" \/>\n\t<meta property=\"og:image:height\" content=\"854\" \/>\n\t<meta property=\"og:image:type\" content=\"image\/jpeg\" \/>\n<meta name=\"twitter:card\" content=\"summary_large_image\" \/>\n<meta name=\"twitter:label1\" content=\"Estimated reading time\" \/>\n\t<meta name=\"twitter:data1\" content=\"2 minutes\" \/>\n<script type=\"application\/ld+json\" class=\"yoast-schema-graph\">{\"@context\":\"https:\/\/schema.org\",\"@graph\":[{\"@type\":\"WebPage\",\"@id\":\"https:\/\/plaan.cz\/en\/podporujeme\/\",\"url\":\"https:\/\/plaan.cz\/en\/podporujeme\/\",\"name\":\"Podporujeme - Plaan\",\"isPartOf\":{\"@id\":\"https:\/\/plaan.cz\/en\/#website\"},\"primaryImageOfPage\":{\"@id\":\"https:\/\/plaan.cz\/en\/podporujeme\/#primaryimage\"},\"image\":{\"@id\":\"https:\/\/plaan.cz\/en\/podporujeme\/#primaryimage\"},\"thumbnailUrl\":\"https:\/\/plaan.cz\/wp-content\/uploads\/2024\/11\/unnamed-5.jpg\",\"datePublished\":\"2024-03-25T02:46:22+00:00\",\"dateModified\":\"2025-04-14T14:16:41+00:00\",\"breadcrumb\":{\"@id\":\"https:\/\/plaan.cz\/en\/podporujeme\/#breadcrumb\"},\"inLanguage\":\"en-GB\",\"potentialAction\":[{\"@type\":\"ReadAction\",\"target\":[\"https:\/\/plaan.cz\/en\/podporujeme\/\"]}]},{\"@type\":\"ImageObject\",\"inLanguage\":\"en-GB\",\"@id\":\"https:\/\/plaan.cz\/en\/podporujeme\/#primaryimage\",\"url\":\"https:\/\/plaan.cz\/wp-content\/uploads\/2024\/11\/unnamed-5.jpg\",\"contentUrl\":\"https:\/\/plaan.cz\/wp-content\/uploads\/2024\/11\/unnamed-5.jpg\",\"width\":1280,\"height\":854},{\"@type\":\"BreadcrumbList\",\"@id\":\"https:\/\/plaan.cz\/en\/podporujeme\/#breadcrumb\",\"itemListElement\":[{\"@type\":\"ListItem\",\"position\":1,\"name\":\"Home\",\"item\":\"https:\/\/plaan.cz\/\"},{\"@type\":\"ListItem\",\"position\":2,\"name\":\"Podporujeme\"}]},{\"@type\":\"WebSite\",\"@id\":\"https:\/\/plaan.cz\/en\/#website\",\"url\":\"https:\/\/plaan.cz\/en\/\",\"name\":\"Plaan\",\"description\":\"Design and Engineering\",\"publisher\":{\"@id\":\"https:\/\/plaan.cz\/en\/#organization\"},\"potentialAction\":[{\"@type\":\"SearchAction\",\"target\":{\"@type\":\"EntryPoint\",\"urlTemplate\":\"https:\/\/plaan.cz\/en\/?s={search_term_string}\"},\"query-input\":{\"@type\":\"PropertyValueSpecification\",\"valueRequired\":true,\"valueName\":\"search_term_string\"}}],\"inLanguage\":\"en-GB\"},{\"@type\":\"Organization\",\"@id\":\"https:\/\/plaan.cz\/en\/#organization\",\"name\":\"Plaan\",\"url\":\"https:\/\/plaan.cz\/en\/\",\"logo\":{\"@type\":\"ImageObject\",\"inLanguage\":\"en-GB\",\"@id\":\"https:\/\/plaan.cz\/en\/#\/schema\/logo\/image\/\",\"url\":\"http:\/\/plaan.cz\/wp-content\/uploads\/2025\/01\/uvodka.svg\",\"contentUrl\":\"http:\/\/plaan.cz\/wp-content\/uploads\/2025\/01\/uvodka.svg\",\"width\":1200,\"height\":700,\"caption\":\"Plaan\"},\"image\":{\"@id\":\"https:\/\/plaan.cz\/en\/#\/schema\/logo\/image\/\"},\"sameAs\":[\"https:\/\/www.instagram.com\/plaanczech\/\"]}]}<\/script>\n<!-- \/ Yoast SEO Premium plugin. -->","yoast_head_json":{"title":"Podporujeme - Plaan","robots":{"index":"index","follow":"follow","max-snippet":"max-snippet:-1","max-image-preview":"max-image-preview:large","max-video-preview":"max-video-preview:-1"},"canonical":"https:\/\/plaan.cz\/en\/podporujeme\/","og_locale":"en_GB","og_type":"article","og_title":"Podporujeme","og_description":"Podporovan\u00e9 projekty PODPORA SOLIDARITY P\u0159\u00edsp\u011bvek obc\u00edm zasa\u017een\u00fdch povodn\u011bmi v roce 2024 Poskytnut\u00ed p\u0159\u00edsp\u011bvku obc\u00edm posti\u017een\u00fdm povodn\u011bmi v roce 2024 na \u00fazem\u00ed \u010cR. POVODN\u011a 2024 PODPORA SOLIDARITY Charitativn\u00ed pe\u010dovatelsk\u00e1 slu\u017eba Charity Krom\u011b\u0159\u00ed\u017e Charitn\u00ed pe\u010dovatelsk\u00e1 slu\u017eba Charity Krom\u011b\u0159\u00ed\u017e \u2013 p\u0159\u00edsp\u011bvek na n\u00e1kup a provoz \u201eSoci\u00e1ln\u00edho automobilu\u201c. CHARITA KROM\u011a\u0158\u00cd\u017d PODPORA SPORTU Podpora JETSURF Podporujeme jeden z nej\u00fasp\u011b\u0161n\u011bj\u0161\u00edch t\u00fdm\u016f [&hellip;]","og_url":"https:\/\/plaan.cz\/en\/podporujeme\/","og_site_name":"Plaan","article_modified_time":"2025-04-14T14:16:41+00:00","og_image":[{"width":1280,"height":854,"url":"http:\/\/plaan.cz\/wp-content\/uploads\/2024\/11\/unnamed-5.jpg","type":"image\/jpeg"}],"twitter_card":"summary_large_image","twitter_misc":{"Estimated reading time":"2 minutes"},"schema":{"@context":"https:\/\/schema.org","@graph":[{"@type":"WebPage","@id":"https:\/\/plaan.cz\/en\/podporujeme\/","url":"https:\/\/plaan.cz\/en\/podporujeme\/","name":"Podporujeme - Plaan","isPartOf":{"@id":"https:\/\/plaan.cz\/en\/#website"},"primaryImageOfPage":{"@id":"https:\/\/plaan.cz\/en\/podporujeme\/#primaryimage"},"image":{"@id":"https:\/\/plaan.cz\/en\/podporujeme\/#primaryimage"},"thumbnailUrl":"https:\/\/plaan.cz\/wp-content\/uploads\/2024\/11\/unnamed-5.jpg","datePublished":"2024-03-25T02:46:22+00:00","dateModified":"2025-04-14T14:16:41+00:00","breadcrumb":{"@id":"https:\/\/plaan.cz\/en\/podporujeme\/#breadcrumb"},"inLanguage":"en-GB","potentialAction":[{"@type":"ReadAction","target":["https:\/\/plaan.cz\/en\/podporujeme\/"]}]},{"@type":"ImageObject","inLanguage":"en-GB","@id":"https:\/\/plaan.cz\/en\/podporujeme\/#primaryimage","url":"https:\/\/plaan.cz\/wp-content\/uploads\/2024\/11\/unnamed-5.jpg","contentUrl":"https:\/\/plaan.cz\/wp-content\/uploads\/2024\/11\/unnamed-5.jpg","width":1280,"height":854},{"@type":"BreadcrumbList","@id":"https:\/\/plaan.cz\/en\/podporujeme\/#breadcrumb","itemListElement":[{"@type":"ListItem","position":1,"name":"Home","item":"https:\/\/plaan.cz\/"},{"@type":"ListItem","position":2,"name":"Podporujeme"}]},{"@type":"WebSite","@id":"https:\/\/plaan.cz\/en\/#website","url":"https:\/\/plaan.cz\/en\/","name":"Plaan","description":"Design and Engineering","publisher":{"@id":"https:\/\/plaan.cz\/en\/#organization"},"potentialAction":[{"@type":"SearchAction","target":{"@type":"EntryPoint","urlTemplate":"https:\/\/plaan.cz\/en\/?s={search_term_string}"},"query-input":{"@type":"PropertyValueSpecification","valueRequired":true,"valueName":"search_term_string"}}],"inLanguage":"en-GB"},{"@type":"Organization","@id":"https:\/\/plaan.cz\/en\/#organization","name":"Plaan","url":"https:\/\/plaan.cz\/en\/","logo":{"@type":"ImageObject","inLanguage":"en-GB","@id":"https:\/\/plaan.cz\/en\/#\/schema\/logo\/image\/","url":"http:\/\/plaan.cz\/wp-content\/uploads\/2025\/01\/uvodka.svg","contentUrl":"http:\/\/plaan.cz\/wp-content\/uploads\/2025\/01\/uvodka.svg","width":1200,"height":700,"caption":"Plaan"},"image":{"@id":"https:\/\/plaan.cz\/en\/#\/schema\/logo\/image\/"},"sameAs":["https:\/\/www.instagram.com\/plaanczech\/"]}]}},"_links":{"self":[{"href":"https:\/\/plaan.cz\/en\/wp-json\/wp\/v2\/pages\/48","targetHints":{"allow":["GET"]}}],"collection":[{"href":"https:\/\/plaan.cz\/en\/wp-json\/wp\/v2\/pages"}],"about":[{"href":"https:\/\/plaan.cz\/en\/wp-json\/wp\/v2\/types\/page"}],"author":[{"embeddable":true,"href":"https:\/\/plaan.cz\/en\/wp-json\/wp\/v2\/users\/1"}],"replies":[{"embeddable":true,"href":"https:\/\/plaan.cz\/en\/wp-json\/wp\/v2\/comments?post=48"}],"version-history":[{"count":169,"href":"https:\/\/plaan.cz\/en\/wp-json\/wp\/v2\/pages\/48\/revisions"}],"predecessor-version":[{"id":8935,"href":"https:\/\/plaan.cz\/en\/wp-json\/wp\/v2\/pages\/48\/revisions\/8935"}],"wp:featuredmedia":[{"embeddable":true,"href":"https:\/\/plaan.cz\/en\/wp-json\/wp\/v2\/media\/7075"}],"wp:attachment":[{"href":"https:\/\/plaan.cz\/en\/wp-json\/wp\/v2\/media?parent=48"}],"curies":[{"name":"wp","href":"https:\/\/api.w.org\/{rel}","templated":true}]}}