{"id":3,"date":"2024-07-23T17:33:36","date_gmt":"2024-07-23T15:33:36","guid":{"rendered":"https:\/\/plaan.cz\/?page_id=3"},"modified":"2024-08-21T11:07:23","modified_gmt":"2024-08-21T09:07:23","slug":"ochrana-soukromi","status":"publish","type":"page","link":"https:\/\/plaan.cz\/en\/ochrana-soukromi\/","title":{"rendered":"Privacy protection"},"content":{"rendered":"<div data-elementor-type=\"wp-page\" data-elementor-id=\"3\" class=\"elementor elementor-3\" data-elementor-post-type=\"page\">\n\t\t\t\t<div class=\"elementor-element elementor-element-5d873d5e e-flex e-con-boxed e-con e-parent\" data-id=\"5d873d5e\" data-element_type=\"container\">\n\t\t\t\t\t<div class=\"e-con-inner\">\n\t\t\t\t<div class=\"elementor-element elementor-element-1794002a elementor-widget elementor-widget-text-editor\" data-id=\"1794002a\" data-element_type=\"widget\" data-widget_type=\"text-editor.default\">\n\t\t\t\t<div class=\"elementor-widget-container\">\n\t\t\t\t\t\t\t\t\t<h3><strong>Site owner<\/strong><\/h3><p>\u00a0<\/p><p>The owner and operator of this website is <strong>plaan czech s.r.o.<\/strong><\/p><h3><strong>Copyright<\/strong><\/h3><p>\u00a0<\/p><p>The content of the website is protected by copyright in its entirety. Unless expressly stated otherwise, the content may not be taken over, copied, reproduced or distributed through other channels, with the exception of printing for personal use and brief quotes or previews on social networks with the source indicated. Consent to use the content must always be in writing and can be requested.<\/p><h3><strong>Accessibility Statement<\/strong><\/h3><p>\u00a0<\/p><p>The author of the website declares that this website strives for maximum accessibility of content and all its functionalities for all Internet users.<\/p><h3><strong>Information about the website creator<\/strong><\/h3><p>\u00a0<\/p><p>The website is created on the WordPress publishing system. The website was created and designed by Mgr. Tom\u00e1\u0161 Valach. You can contact him at <a href=\"https:\/\/tomasvalach.cz\/\">www.tomasvalach.cz<\/a><\/p><h3><strong>Data protection<\/strong><\/h3><p>\u00a0<\/p><p>Access to the website may be subject to the provision of certain personal data by the operator. In such a case, the operator will handle this data in accordance with applicable legal regulations. By providing this data, the user consents to the processing of personal data by the operator.<\/p><h3><strong>Third-party codes<\/strong><\/h3><p>\u00a0<\/p><p>The operator cooperates with companies that provide it with various services. These companies, if authorized to do so, may handle the user's personal data, and they work with this information only in the performance of their duties and may not use it for any other purpose. The operator does not sell, transfer or disclose personal data to third parties, unless this is necessary to comply with legal regulations.<\/p><p>If the user wishes to correct or delete personal data that the operator has about him, he can request this via the contact details provided on this page.<\/p>\t\t\t\t\t\t\t\t<\/div>\n\t\t\t\t<\/div>\n\t\t\t\t\t<\/div>\n\t\t\t\t<\/div>\n\t\t\t\t<\/div>","protected":false},"excerpt":{"rendered":"<p>Provozovatel webu \u00a0 Vlastn\u00edkem a provozovatelem t\u011bchto webov\u00fdch str\u00e1nek je plaan czech s.r.o. Autorsk\u00e1 pr\u00e1va \u00a0 Obsah webu je v cel\u00e9m rozsahu chr\u00e1n\u011bn autorsk\u00fdm pr\u00e1vem. Nen\u00ed-li v\u00fdslovn\u011b uvedeno jinak, nen\u00ed mo\u017en\u00e9 obsah p\u0159eb\u00edrat, kop\u00edrovat, reprodukovat ani d\u00e1le \u0161\u00ed\u0159it jin\u00fdmi kan\u00e1ly, s v\u00fdjimkou tisku pro osobn\u00ed pot\u0159ebu a stru\u010dn\u00fdch citac\u00ed \u010di n\u00e1hled\u016f na soci\u00e1ln\u00edch s\u00edt\u00edch s [&hellip;]<\/p>","protected":false},"author":1,"featured_media":0,"parent":0,"menu_order":0,"comment_status":"closed","ping_status":"closed","template":"","meta":{"footnotes":"","_links_to":"","_links_to_target":""},"class_list":["post-3","page","type-page","status-publish","hentry"],"yoast_head":"<!-- This site is optimized with the Yoast SEO Premium plugin v20.11 (Yoast SEO v26.8) - https:\/\/yoast.com\/product\/yoast-seo-premium-wordpress\/ -->\n<title>Ochrana soukrom\u00ed - Plaan<\/title>\n<meta name=\"robots\" content=\"index, follow, max-snippet:-1, max-image-preview:large, max-video-preview:-1\" \/>\n<link rel=\"canonical\" href=\"https:\/\/plaan.cz\/en\/ochrana-soukromi\/\" \/>\n<meta property=\"og:locale\" content=\"en_GB\" \/>\n<meta property=\"og:type\" content=\"article\" \/>\n<meta property=\"og:title\" content=\"Ochrana soukrom\u00ed\" \/>\n<meta property=\"og:description\" content=\"Provozovatel webu \u00a0 Vlastn\u00edkem a provozovatelem t\u011bchto webov\u00fdch str\u00e1nek je plaan czech s.r.o. Autorsk\u00e1 pr\u00e1va \u00a0 Obsah webu je v cel\u00e9m rozsahu chr\u00e1n\u011bn autorsk\u00fdm pr\u00e1vem. Nen\u00ed-li v\u00fdslovn\u011b uvedeno jinak, nen\u00ed mo\u017en\u00e9 obsah p\u0159eb\u00edrat, kop\u00edrovat, reprodukovat ani d\u00e1le \u0161\u00ed\u0159it jin\u00fdmi kan\u00e1ly, s v\u00fdjimkou tisku pro osobn\u00ed pot\u0159ebu a stru\u010dn\u00fdch citac\u00ed \u010di n\u00e1hled\u016f na soci\u00e1ln\u00edch s\u00edt\u00edch s [&hellip;]\" \/>\n<meta property=\"og:url\" content=\"https:\/\/plaan.cz\/en\/ochrana-soukromi\/\" \/>\n<meta property=\"og:site_name\" content=\"Plaan\" \/>\n<meta property=\"article:modified_time\" content=\"2024-08-21T09:07:23+00:00\" \/>\n<meta name=\"twitter:card\" content=\"summary_large_image\" \/>\n<meta name=\"twitter:label1\" content=\"Estimated reading time\" \/>\n\t<meta name=\"twitter:data1\" content=\"2 minutes\" \/>\n<script type=\"application\/ld+json\" class=\"yoast-schema-graph\">{\"@context\":\"https:\/\/schema.org\",\"@graph\":[{\"@type\":\"WebPage\",\"@id\":\"https:\/\/plaan.cz\/en\/ochrana-soukromi\/\",\"url\":\"https:\/\/plaan.cz\/en\/ochrana-soukromi\/\",\"name\":\"Ochrana soukrom\u00ed - Plaan\",\"isPartOf\":{\"@id\":\"https:\/\/plaan.cz\/en\/#website\"},\"datePublished\":\"2024-07-23T15:33:36+00:00\",\"dateModified\":\"2024-08-21T09:07:23+00:00\",\"breadcrumb\":{\"@id\":\"https:\/\/plaan.cz\/en\/ochrana-soukromi\/#breadcrumb\"},\"inLanguage\":\"en-GB\",\"potentialAction\":[{\"@type\":\"ReadAction\",\"target\":[\"https:\/\/plaan.cz\/en\/ochrana-soukromi\/\"]}]},{\"@type\":\"BreadcrumbList\",\"@id\":\"https:\/\/plaan.cz\/en\/ochrana-soukromi\/#breadcrumb\",\"itemListElement\":[{\"@type\":\"ListItem\",\"position\":1,\"name\":\"Home\",\"item\":\"https:\/\/plaan.cz\/\"},{\"@type\":\"ListItem\",\"position\":2,\"name\":\"Ochrana soukrom\u00ed\"}]},{\"@type\":\"WebSite\",\"@id\":\"https:\/\/plaan.cz\/en\/#website\",\"url\":\"https:\/\/plaan.cz\/en\/\",\"name\":\"Plaan\",\"description\":\"Design and Engineering\",\"publisher\":{\"@id\":\"https:\/\/plaan.cz\/en\/#organization\"},\"potentialAction\":[{\"@type\":\"SearchAction\",\"target\":{\"@type\":\"EntryPoint\",\"urlTemplate\":\"https:\/\/plaan.cz\/en\/?s={search_term_string}\"},\"query-input\":{\"@type\":\"PropertyValueSpecification\",\"valueRequired\":true,\"valueName\":\"search_term_string\"}}],\"inLanguage\":\"en-GB\"},{\"@type\":\"Organization\",\"@id\":\"https:\/\/plaan.cz\/en\/#organization\",\"name\":\"Plaan\",\"url\":\"https:\/\/plaan.cz\/en\/\",\"logo\":{\"@type\":\"ImageObject\",\"inLanguage\":\"en-GB\",\"@id\":\"https:\/\/plaan.cz\/en\/#\/schema\/logo\/image\/\",\"url\":\"http:\/\/plaan.cz\/wp-content\/uploads\/2025\/01\/uvodka.svg\",\"contentUrl\":\"http:\/\/plaan.cz\/wp-content\/uploads\/2025\/01\/uvodka.svg\",\"width\":1200,\"height\":700,\"caption\":\"Plaan\"},\"image\":{\"@id\":\"https:\/\/plaan.cz\/en\/#\/schema\/logo\/image\/\"},\"sameAs\":[\"https:\/\/www.instagram.com\/plaanczech\/\"]}]}<\/script>\n<!-- \/ Yoast SEO Premium plugin. -->","yoast_head_json":{"title":"Ochrana soukrom\u00ed - Plaan","robots":{"index":"index","follow":"follow","max-snippet":"max-snippet:-1","max-image-preview":"max-image-preview:large","max-video-preview":"max-video-preview:-1"},"canonical":"https:\/\/plaan.cz\/en\/ochrana-soukromi\/","og_locale":"en_GB","og_type":"article","og_title":"Ochrana soukrom\u00ed","og_description":"Provozovatel webu \u00a0 Vlastn\u00edkem a provozovatelem t\u011bchto webov\u00fdch str\u00e1nek je plaan czech s.r.o. Autorsk\u00e1 pr\u00e1va \u00a0 Obsah webu je v cel\u00e9m rozsahu chr\u00e1n\u011bn autorsk\u00fdm pr\u00e1vem. Nen\u00ed-li v\u00fdslovn\u011b uvedeno jinak, nen\u00ed mo\u017en\u00e9 obsah p\u0159eb\u00edrat, kop\u00edrovat, reprodukovat ani d\u00e1le \u0161\u00ed\u0159it jin\u00fdmi kan\u00e1ly, s v\u00fdjimkou tisku pro osobn\u00ed pot\u0159ebu a stru\u010dn\u00fdch citac\u00ed \u010di n\u00e1hled\u016f na soci\u00e1ln\u00edch s\u00edt\u00edch s [&hellip;]","og_url":"https:\/\/plaan.cz\/en\/ochrana-soukromi\/","og_site_name":"Plaan","article_modified_time":"2024-08-21T09:07:23+00:00","twitter_card":"summary_large_image","twitter_misc":{"Estimated reading time":"2 minutes"},"schema":{"@context":"https:\/\/schema.org","@graph":[{"@type":"WebPage","@id":"https:\/\/plaan.cz\/en\/ochrana-soukromi\/","url":"https:\/\/plaan.cz\/en\/ochrana-soukromi\/","name":"Ochrana soukrom\u00ed - Plaan","isPartOf":{"@id":"https:\/\/plaan.cz\/en\/#website"},"datePublished":"2024-07-23T15:33:36+00:00","dateModified":"2024-08-21T09:07:23+00:00","breadcrumb":{"@id":"https:\/\/plaan.cz\/en\/ochrana-soukromi\/#breadcrumb"},"inLanguage":"en-GB","potentialAction":[{"@type":"ReadAction","target":["https:\/\/plaan.cz\/en\/ochrana-soukromi\/"]}]},{"@type":"BreadcrumbList","@id":"https:\/\/plaan.cz\/en\/ochrana-soukromi\/#breadcrumb","itemListElement":[{"@type":"ListItem","position":1,"name":"Home","item":"https:\/\/plaan.cz\/"},{"@type":"ListItem","position":2,"name":"Ochrana soukrom\u00ed"}]},{"@type":"WebSite","@id":"https:\/\/plaan.cz\/en\/#website","url":"https:\/\/plaan.cz\/en\/","name":"Plaan","description":"Design and Engineering","publisher":{"@id":"https:\/\/plaan.cz\/en\/#organization"},"potentialAction":[{"@type":"SearchAction","target":{"@type":"EntryPoint","urlTemplate":"https:\/\/plaan.cz\/en\/?s={search_term_string}"},"query-input":{"@type":"PropertyValueSpecification","valueRequired":true,"valueName":"search_term_string"}}],"inLanguage":"en-GB"},{"@type":"Organization","@id":"https:\/\/plaan.cz\/en\/#organization","name":"Plaan","url":"https:\/\/plaan.cz\/en\/","logo":{"@type":"ImageObject","inLanguage":"en-GB","@id":"https:\/\/plaan.cz\/en\/#\/schema\/logo\/image\/","url":"http:\/\/plaan.cz\/wp-content\/uploads\/2025\/01\/uvodka.svg","contentUrl":"http:\/\/plaan.cz\/wp-content\/uploads\/2025\/01\/uvodka.svg","width":1200,"height":700,"caption":"Plaan"},"image":{"@id":"https:\/\/plaan.cz\/en\/#\/schema\/logo\/image\/"},"sameAs":["https:\/\/www.instagram.com\/plaanczech\/"]}]}},"_links":{"self":[{"href":"https:\/\/plaan.cz\/en\/wp-json\/wp\/v2\/pages\/3","targetHints":{"allow":["GET"]}}],"collection":[{"href":"https:\/\/plaan.cz\/en\/wp-json\/wp\/v2\/pages"}],"about":[{"href":"https:\/\/plaan.cz\/en\/wp-json\/wp\/v2\/types\/page"}],"author":[{"embeddable":true,"href":"https:\/\/plaan.cz\/en\/wp-json\/wp\/v2\/users\/1"}],"replies":[{"embeddable":true,"href":"https:\/\/plaan.cz\/en\/wp-json\/wp\/v2\/comments?post=3"}],"version-history":[{"count":12,"href":"https:\/\/plaan.cz\/en\/wp-json\/wp\/v2\/pages\/3\/revisions"}],"predecessor-version":[{"id":6685,"href":"https:\/\/plaan.cz\/en\/wp-json\/wp\/v2\/pages\/3\/revisions\/6685"}],"wp:attachment":[{"href":"https:\/\/plaan.cz\/en\/wp-json\/wp\/v2\/media?parent=3"}],"curies":[{"name":"wp","href":"https:\/\/api.w.org\/{rel}","templated":true}]}}