{"id":6482,"date":"2024-03-30T04:17:12","date_gmt":"2024-03-30T02:17:12","guid":{"rendered":"https:\/\/plaan.cz\/produkty-a-sluzby-2\/"},"modified":"2024-11-24T20:02:11","modified_gmt":"2024-11-24T18:02:11","slug":"produkty-a-sluzby","status":"publish","type":"page","link":"https:\/\/plaan.cz\/cs_cz\/produkty-a-sluzby\/","title":{"rendered":"Produkty a slu\u017eby"},"content":{"rendered":"\t\t<div data-elementor-type=\"wp-page\" data-elementor-id=\"6482\" class=\"elementor elementor-6482\" data-elementor-post-type=\"page\">\n\t\t\t\t<div class=\"elementor-element elementor-element-2b09e36 e-flex e-con-boxed e-con e-parent\" data-id=\"2b09e36\" data-element_type=\"container\">\n\t\t\t\t\t<div class=\"e-con-inner\">\n\t\t<div class=\"elementor-element elementor-element-03def52 e-con-full e-flex e-con e-child\" data-id=\"03def52\" data-element_type=\"container\">\n\t\t\t\t<div class=\"elementor-element elementor-element-96bbf17 elementor-widget__width-initial elementor-widget elementor-widget-heading\" data-id=\"96bbf17\" data-element_type=\"widget\" data-widget_type=\"heading.default\">\n\t\t\t\t<div class=\"elementor-widget-container\">\n\t\t\t\t\t<h2 class=\"elementor-heading-title elementor-size-default\">PORADENSK\u00c1, PROJEK\u010cN\u00cd A DODAVATELSK\u00c1 \u010cINNOST<\/h2>\t\t\t\t<\/div>\n\t\t\t\t<\/div>\n\t\t\t\t<\/div>\n\t\t<div class=\"elementor-element elementor-element-7e6dc3d e-con-full e-flex e-con e-child\" data-id=\"7e6dc3d\" data-element_type=\"container\">\n\t\t\t\t<div class=\"elementor-element elementor-element-5473f77 elementor-widget__width-initial elementor-widget-mobile__width-inherit elementor-widget elementor-widget-text-editor\" data-id=\"5473f77\" data-element_type=\"widget\" data-widget_type=\"text-editor.default\">\n\t\t\t\t<div class=\"elementor-widget-container\">\n\t\t\t\t\t\t\t\t\t<p>Spole\u010dnost\u00a0<strong>plaan czech, s.r.o.<\/strong>\u00a0pat\u0159\u00ed mezi p\u0159edn\u00ed \u010desk\u00e9 spole\u010dnosti v oboru elektro. Firma poskytuje sv\u00fdm dom\u00e1c\u00edm i zahrani\u010dn\u00edm z\u00e1kazn\u00edk\u016fm komplexn\u00ed slu\u017eby v oblasti investi\u010dn\u00ed v\u00fdstavby.<\/p><p>Tyto slu\u017eby zahrnuj\u00ed ve\u0161ker\u00e9 \u010dinnosti v oblastech silnoproudu do 35 kV, slaboproudu, m\u011b\u0159en\u00ed a regulace. Od p\u0159\u00edpravy investi\u010dn\u00edho z\u00e1m\u011bru, p\u0159es zpracov\u00e1n\u00ed projektov\u00e9 dokumentace, vy\u0159\u00edzen\u00ed v\u0161ech pot\u0159ebn\u00fdch povolen\u00ed, po realizaci a n\u00e1sledn\u011b servis.<\/p>\t\t\t\t\t\t\t\t<\/div>\n\t\t\t\t<\/div>\n\t\t\t\t<\/div>\n\t\t\t\t\t<\/div>\n\t\t\t\t<\/div>\n\t\t<div class=\"elementor-element elementor-element-9641e35 e-flex e-con-boxed e-con e-parent\" data-id=\"9641e35\" data-element_type=\"container\" data-settings=\"{&quot;background_background&quot;:&quot;classic&quot;}\">\n\t\t\t\t\t<div class=\"e-con-inner\">\n\t\t\t\t<div class=\"elementor-element elementor-element-31ac838 elementor-service-style-3 elementor-widget__width-inherit overflow-to-none elementor-widget elementor-widget-rebuilto-services\" data-id=\"31ac838\" data-element_type=\"widget\" data-settings=\"{&quot;slides_to_show&quot;:3,&quot;spaceBetween&quot;:{&quot;unit&quot;:&quot;px&quot;,&quot;size&quot;:30,&quot;sizes&quot;:[]},&quot;spaceBetween_laptop&quot;:{&quot;unit&quot;:&quot;px&quot;,&quot;size&quot;:&quot;&quot;,&quot;sizes&quot;:[]},&quot;spaceBetween_tablet_extra&quot;:{&quot;unit&quot;:&quot;px&quot;,&quot;size&quot;:&quot;&quot;,&quot;sizes&quot;:[]},&quot;spaceBetween_tablet&quot;:{&quot;unit&quot;:&quot;px&quot;,&quot;size&quot;:&quot;&quot;,&quot;sizes&quot;:[]},&quot;spaceBetween_mobile_extra&quot;:{&quot;unit&quot;:&quot;px&quot;,&quot;size&quot;:&quot;&quot;,&quot;sizes&quot;:[]},&quot;spaceBetween_mobile&quot;:{&quot;unit&quot;:&quot;px&quot;,&quot;size&quot;:&quot;&quot;,&quot;sizes&quot;:[]},&quot;swiper_overflow&quot;:&quot;none&quot;,&quot;navigation&quot;:&quot;none&quot;,&quot;enable_scrollbar&quot;:&quot;no&quot;,&quot;autoplay&quot;:&quot;yes&quot;,&quot;pause_on_hover&quot;:&quot;yes&quot;,&quot;pause_on_interaction&quot;:&quot;yes&quot;,&quot;autoplay_speed&quot;:5000,&quot;infinite&quot;:&quot;yes&quot;,&quot;speed&quot;:500}\" data-widget_type=\"rebuilto-services.default\">\n\t\t\t\t<div class=\"elementor-widget-container\">\n\t\t\t\t\t        <div class=\"elementor-service-wrapper\">\n            <div class=\"d-grid\">\n                                    <div class=\"grid-item\">\n                        <div class=\"service-item service-style-3\">\n    <div class=\"service-inner\"\">\n        <div class=\"service-icon-wrap\"><img decoding=\"async\" class=\"service-icon\" src=\"http:\/\/plaan.cz\/wp-content\/uploads\/2024\/11\/diversity_3_80dp_E8EAED_FILL0_wght0_GRAD0_opszNaN.svg\" alt=\"service icon\"><\/div>        <div class=\"service-content\">\n            <h3 class=\"service-title omega\"><a href=\"https:\/\/plaan.cz\/cs_cz\/produkty-a-sluzby\/\">Poradenstv\u00ed<\/a><\/h3>\n            <div class=\"description\">\n                Technick\u00e9 poradenstv\u00ed \u2013 n\u00e1vrh \u0159e\u0161en\u00ed, odhad n\u00e1klad\u016f, energetick\u00fd audit, studie proveditelnosti a dal\u0161\u00ed.            <\/div>\n            <div class=\"service-more-link-wrap style-link\">\n                <a class=\"service-more-link\" href=\"https:\/\/plaan.cz\/cs_cz\/produkty-a-sluzby\/\"><i class=\"rebuilto-icon-arrow-up-right\"><\/i><span>Learn More<\/span><\/a>\n            <\/div>\n        <\/div>\n    <\/div>\n<\/div>\n                    <\/div>\n                                        <div class=\"grid-item\">\n                        <div class=\"service-item service-style-3\">\n    <div class=\"service-inner\"\">\n        <div class=\"service-icon-wrap\"><img decoding=\"async\" class=\"service-icon\" src=\"http:\/\/plaan.cz\/wp-content\/uploads\/2024\/11\/contract_80dp_E8EAED_FILL0_wght0_GRAD0_opsz48.svg\" alt=\"service icon\"><\/div>        <div class=\"service-content\">\n            <h3 class=\"service-title omega\"><a href=\"https:\/\/plaan.cz\/cs_cz\/produkty-a-sluzby\/\">Projek\u010dn\u00ed \u010dinnost<\/a><\/h3>\n            <div class=\"description\">\n                Vypracov\u00e1n\u00ed dokumentace ve v\u0161ech stupn\u00edch  \u2013 koncept, \u00fazemn\u00ed \u0159\u00edzen\u00ed, stavebn\u00ed povolen\u00ed, pro v\u00fdb\u011br dodavatele, realiza\u010dn\u00ed, skute\u010dn\u00e9 proveden\u00ed. A to jak ve standardn\u00edm \u0159e\u0161en\u00ed 2D, tak v\u010detn\u011b vyu\u017eit\u00ed technologie BIM (3D).             <\/div>\n            <div class=\"service-more-link-wrap style-link\">\n                <a class=\"service-more-link\" href=\"https:\/\/plaan.cz\/cs_cz\/produkty-a-sluzby\/\"><i class=\"rebuilto-icon-arrow-up-right\"><\/i><span>Learn More<\/span><\/a>\n            <\/div>\n        <\/div>\n    <\/div>\n<\/div>\n                    <\/div>\n                                        <div class=\"grid-item\">\n                        <div class=\"service-item service-style-3\">\n    <div class=\"service-inner\"\">\n        <div class=\"service-icon-wrap\"><img decoding=\"async\" class=\"service-icon\" src=\"http:\/\/plaan.cz\/wp-content\/uploads\/2024\/11\/draw_80dp_E8EAED_FILL0_wght0_GRAD0_opsz48.svg\" alt=\"service icon\"><\/div>        <div class=\"service-content\">\n            <h3 class=\"service-title omega\"><a href=\"https:\/\/plaan.cz\/cs_cz\/produkty-a-sluzby\/\">In\u017een\u00fdrsk\u00e1 \u010dinnost<\/a><\/h3>\n            <div class=\"description\">\n                In\u017een\u00fdrsk\u00e1 \u010dinnost v investi\u010dn\u00ed v\u00fdstavb\u011b \u2013 koordinace, \u0159\u00edzen\u00ed projektu, autorsk\u00fd dozor, kontrola kvality, komplexn\u00ed zkou\u0161ky, za\u0161kolen\u00ed obsluhy, p\u0159ed\u00e1n\u00ed projektu.            <\/div>\n            <div class=\"service-more-link-wrap style-link\">\n                <a class=\"service-more-link\" href=\"https:\/\/plaan.cz\/cs_cz\/produkty-a-sluzby\/\"><i class=\"rebuilto-icon-arrow-up-right\"><\/i><span>Learn More<\/span><\/a>\n            <\/div>\n        <\/div>\n    <\/div>\n<\/div>\n                    <\/div>\n                                        <div class=\"grid-item\">\n                        <div class=\"service-item service-style-3\">\n    <div class=\"service-inner\"\">\n        <div class=\"service-icon-wrap\"><img decoding=\"async\" class=\"service-icon\" src=\"http:\/\/plaan.cz\/wp-content\/uploads\/2024\/11\/graph_2_80dp_E8EAED_FILL0_wght0_GRAD0_opsz48.svg\" alt=\"service icon\"><\/div>        <div class=\"service-content\">\n            <h3 class=\"service-title omega\"><a href=\"https:\/\/plaan.cz\/cs_cz\/produkty-a-sluzby\/\">Elektroinstalace<\/a><\/h3>\n            <div class=\"description\">\n                Dod\u00e1vka kompletn\u00ed elektroinstalace \u2013 vysok\u00e9 nap\u011bt\u00ed, n\u00edzk\u00e9 nap\u011bt\u00ed, uzemn\u011bn\u00ed, ochrana p\u0159ed bleskem, m\u011b\u0159en\u00ed a regulace, slaboproud\u00e9 rozvody (po\u017e\u00e1rn\u00ed signalizace, evakua\u010dn\u00ed rozhlas, kamerov\u00e9 syst\u00e9my, strukturovan\u00e1 kabel\u00e1\u017e, p\u0159\u00edstupov\u00e9, zabezpe\u010dovac\u00ed syst\u00e9my a dal\u0161\u00ed).            <\/div>\n            <div class=\"service-more-link-wrap style-link\">\n                <a class=\"service-more-link\" href=\"https:\/\/plaan.cz\/cs_cz\/produkty-a-sluzby\/\"><i class=\"rebuilto-icon-arrow-up-right\"><\/i><span>Learn More<\/span><\/a>\n            <\/div>\n        <\/div>\n    <\/div>\n<\/div>\n                    <\/div>\n                                        <div class=\"grid-item\">\n                        <div class=\"service-item service-style-3\">\n    <div class=\"service-inner\"\">\n        <div class=\"service-icon-wrap\"><img decoding=\"async\" class=\"service-icon\" src=\"http:\/\/plaan.cz\/wp-content\/uploads\/2024\/11\/key_80dp_E8EAED_FILL0_wght0_GRAD0_opsz48.svg\" alt=\"service icon\"><\/div>        <div class=\"service-content\">\n            <h3 class=\"service-title omega\"><a href=\"https:\/\/plaan.cz\/cs_cz\/produkty-a-sluzby\/\">Projekty \u201ena\u00a0kl\u00ed\u010d\u201c<\/a><\/h3>\n            <div class=\"description\">\n                Dod\u00e1vka cel\u00e9ho projektu \u201ena kl\u00ed\u010d\u201c  \u2013 od \u00favodn\u00edho konceptu p\u0159es stavebn\u00ed \u0159\u00edzen\u00ed, realizaci a\u017e k p\u0159ed\u00e1n\u00ed stavby klientovi a zaji\u0161t\u011bn\u00ed servisu.            <\/div>\n            <div class=\"service-more-link-wrap style-link\">\n                <a class=\"service-more-link\" href=\"https:\/\/plaan.cz\/cs_cz\/produkty-a-sluzby\/\"><i class=\"rebuilto-icon-arrow-up-right\"><\/i><span>Learn More<\/span><\/a>\n            <\/div>\n        <\/div>\n    <\/div>\n<\/div>\n                    <\/div>\n                                        <div class=\"grid-item\">\n                        <div class=\"service-item service-style-3\">\n    <div class=\"service-inner\"\">\n        <div class=\"service-icon-wrap\"><img decoding=\"async\" class=\"service-icon\" src=\"http:\/\/plaan.cz\/wp-content\/uploads\/2024\/11\/build_80dp_E8EAED_FILL0_wght0_GRAD0_opsz48.svg\" alt=\"service icon\"><\/div>        <div class=\"service-content\">\n            <h3 class=\"service-title omega\"><a href=\"https:\/\/plaan.cz\/cs_cz\/produkty-a-sluzby\/\">Servis<\/a><\/h3>\n            <div class=\"description\">\n                \u00dadr\u017eba, monitoring, revize, kompletn\u00ed kontrola, m\u011b\u0159en\u00ed kvality s\u00edt\u011b a dal\u0161\u00ed.            <\/div>\n            <div class=\"service-more-link-wrap style-link\">\n                <a class=\"service-more-link\" href=\"https:\/\/plaan.cz\/cs_cz\/produkty-a-sluzby\/\"><i class=\"rebuilto-icon-arrow-up-right\"><\/i><span>Learn More<\/span><\/a>\n            <\/div>\n        <\/div>\n    <\/div>\n<\/div>\n                    <\/div>\n                                <\/div>\n\n        <\/div>\n                \t\t\t\t<\/div>\n\t\t\t\t<\/div>\n\t\t<div class=\"elementor-element elementor-element-5dca990 e-con-full elementor-hidden-desktop elementor-hidden-laptop elementor-hidden-tablet_extra elementor-hidden-tablet elementor-hidden-mobile_extra e-flex e-con e-child\" data-id=\"5dca990\" data-element_type=\"container\">\n\t\t\t\t<div class=\"elementor-element elementor-element-56ff9dd elementor-widget elementor-widget-spacer\" data-id=\"56ff9dd\" data-element_type=\"widget\" data-widget_type=\"spacer.default\">\n\t\t\t\t<div class=\"elementor-widget-container\">\n\t\t\t\t\t\t\t<div class=\"elementor-spacer\">\n\t\t\t<div class=\"elementor-spacer-inner\"><\/div>\n\t\t<\/div>\n\t\t\t\t\t\t<\/div>\n\t\t\t\t<\/div>\n\t\t\t\t<\/div>\n\t\t\t\t\t<\/div>\n\t\t\t\t<\/div>\n\t\t\t\t<\/div>\n\t\t","protected":false},"excerpt":{"rendered":"<p>PORADENSK\u00c1, PROJEK\u010cN\u00cd A DODAVATELSK\u00c1 \u010cINNOST Spole\u010dnost\u00a0plaan czech, s.r.o.\u00a0pat\u0159\u00ed mezi p\u0159edn\u00ed \u010desk\u00e9 spole\u010dnosti v oboru elektro. Firma poskytuje sv\u00fdm dom\u00e1c\u00edm i zahrani\u010dn\u00edm z\u00e1kazn\u00edk\u016fm komplexn\u00ed slu\u017eby v oblasti investi\u010dn\u00ed v\u00fdstavby. Tyto slu\u017eby zahrnuj\u00ed ve\u0161ker\u00e9 \u010dinnosti v oblastech silnoproudu do 35 kV, slaboproudu, m\u011b\u0159en\u00ed a regulace. Od p\u0159\u00edpravy investi\u010dn\u00edho z\u00e1m\u011bru, p\u0159es zpracov\u00e1n\u00ed projektov\u00e9 dokumentace, vy\u0159\u00edzen\u00ed v\u0161ech pot\u0159ebn\u00fdch povolen\u00ed, [&hellip;]<\/p>\n","protected":false},"author":1,"featured_media":0,"parent":0,"menu_order":0,"comment_status":"closed","ping_status":"closed","template":"template-homepage.php","meta":{"footnotes":"","_links_to":"","_links_to_target":""},"class_list":["post-6482","page","type-page","status-publish","hentry"],"yoast_head":"<!-- This site is optimized with the Yoast SEO Premium plugin v20.11 (Yoast SEO v26.8) - https:\/\/yoast.com\/product\/yoast-seo-premium-wordpress\/ -->\n<title>Produkty a slu\u017eby - Plaan<\/title>\n<meta name=\"robots\" content=\"index, follow, max-snippet:-1, max-image-preview:large, max-video-preview:-1\" \/>\n<link rel=\"canonical\" href=\"https:\/\/plaan.cz\/cs_cz\/produkty-a-sluzby\/\" \/>\n<meta property=\"og:locale\" content=\"cs_CZ\" \/>\n<meta property=\"og:type\" content=\"article\" \/>\n<meta property=\"og:title\" content=\"Produkty a slu\u017eby\" \/>\n<meta property=\"og:description\" content=\"PORADENSK\u00c1, PROJEK\u010cN\u00cd A DODAVATELSK\u00c1 \u010cINNOST Spole\u010dnost\u00a0plaan czech, s.r.o.\u00a0pat\u0159\u00ed mezi p\u0159edn\u00ed \u010desk\u00e9 spole\u010dnosti v oboru elektro. Firma poskytuje sv\u00fdm dom\u00e1c\u00edm i zahrani\u010dn\u00edm z\u00e1kazn\u00edk\u016fm komplexn\u00ed slu\u017eby v oblasti investi\u010dn\u00ed v\u00fdstavby. Tyto slu\u017eby zahrnuj\u00ed ve\u0161ker\u00e9 \u010dinnosti v oblastech silnoproudu do 35 kV, slaboproudu, m\u011b\u0159en\u00ed a regulace. Od p\u0159\u00edpravy investi\u010dn\u00edho z\u00e1m\u011bru, p\u0159es zpracov\u00e1n\u00ed projektov\u00e9 dokumentace, vy\u0159\u00edzen\u00ed v\u0161ech pot\u0159ebn\u00fdch povolen\u00ed, [&hellip;]\" \/>\n<meta property=\"og:url\" content=\"https:\/\/plaan.cz\/cs_cz\/produkty-a-sluzby\/\" \/>\n<meta property=\"og:site_name\" content=\"Plaan\" \/>\n<meta property=\"article:modified_time\" content=\"2024-11-24T18:02:11+00:00\" \/>\n<meta property=\"og:image\" content=\"http:\/\/plaan.cz\/wp-content\/uploads\/2024\/11\/diversity_3_80dp_E8EAED_FILL0_wght0_GRAD0_opszNaN.svg\" \/>\n<meta name=\"twitter:card\" content=\"summary_large_image\" \/>\n<meta name=\"twitter:label1\" content=\"Odhadovan\u00e1 doba \u010dten\u00ed\" \/>\n\t<meta name=\"twitter:data1\" content=\"3 minuty\" \/>\n<script type=\"application\/ld+json\" class=\"yoast-schema-graph\">{\"@context\":\"https:\/\/schema.org\",\"@graph\":[{\"@type\":\"WebPage\",\"@id\":\"https:\/\/plaan.cz\/cs_cz\/produkty-a-sluzby\/\",\"url\":\"https:\/\/plaan.cz\/cs_cz\/produkty-a-sluzby\/\",\"name\":\"Produkty a slu\u017eby - Plaan\",\"isPartOf\":{\"@id\":\"https:\/\/plaan.cz\/cs_cz\/#website\"},\"primaryImageOfPage\":{\"@id\":\"https:\/\/plaan.cz\/cs_cz\/produkty-a-sluzby\/#primaryimage\"},\"image\":{\"@id\":\"https:\/\/plaan.cz\/cs_cz\/produkty-a-sluzby\/#primaryimage\"},\"thumbnailUrl\":\"http:\/\/plaan.cz\/wp-content\/uploads\/2024\/11\/diversity_3_80dp_E8EAED_FILL0_wght0_GRAD0_opszNaN.svg\",\"datePublished\":\"2024-03-30T02:17:12+00:00\",\"dateModified\":\"2024-11-24T18:02:11+00:00\",\"breadcrumb\":{\"@id\":\"https:\/\/plaan.cz\/cs_cz\/produkty-a-sluzby\/#breadcrumb\"},\"inLanguage\":\"cs\",\"potentialAction\":[{\"@type\":\"ReadAction\",\"target\":[\"https:\/\/plaan.cz\/cs_cz\/produkty-a-sluzby\/\"]}]},{\"@type\":\"ImageObject\",\"inLanguage\":\"cs\",\"@id\":\"https:\/\/plaan.cz\/cs_cz\/produkty-a-sluzby\/#primaryimage\",\"url\":\"http:\/\/plaan.cz\/wp-content\/uploads\/2024\/11\/diversity_3_80dp_E8EAED_FILL0_wght0_GRAD0_opszNaN.svg\",\"contentUrl\":\"http:\/\/plaan.cz\/wp-content\/uploads\/2024\/11\/diversity_3_80dp_E8EAED_FILL0_wght0_GRAD0_opszNaN.svg\"},{\"@type\":\"BreadcrumbList\",\"@id\":\"https:\/\/plaan.cz\/cs_cz\/produkty-a-sluzby\/#breadcrumb\",\"itemListElement\":[{\"@type\":\"ListItem\",\"position\":1,\"name\":\"Home\",\"item\":\"https:\/\/plaan.cz\/\"},{\"@type\":\"ListItem\",\"position\":2,\"name\":\"Produkty a slu\u017eby\"}]},{\"@type\":\"WebSite\",\"@id\":\"https:\/\/plaan.cz\/cs_cz\/#website\",\"url\":\"https:\/\/plaan.cz\/cs_cz\/\",\"name\":\"Plaan\",\"description\":\"Design and Engineering\",\"publisher\":{\"@id\":\"https:\/\/plaan.cz\/cs_cz\/#organization\"},\"potentialAction\":[{\"@type\":\"SearchAction\",\"target\":{\"@type\":\"EntryPoint\",\"urlTemplate\":\"https:\/\/plaan.cz\/cs_cz\/?s={search_term_string}\"},\"query-input\":{\"@type\":\"PropertyValueSpecification\",\"valueRequired\":true,\"valueName\":\"search_term_string\"}}],\"inLanguage\":\"cs\"},{\"@type\":\"Organization\",\"@id\":\"https:\/\/plaan.cz\/cs_cz\/#organization\",\"name\":\"Plaan\",\"url\":\"https:\/\/plaan.cz\/cs_cz\/\",\"logo\":{\"@type\":\"ImageObject\",\"inLanguage\":\"cs\",\"@id\":\"https:\/\/plaan.cz\/cs_cz\/#\/schema\/logo\/image\/\",\"url\":\"http:\/\/plaan.cz\/wp-content\/uploads\/2025\/01\/uvodka.svg\",\"contentUrl\":\"http:\/\/plaan.cz\/wp-content\/uploads\/2025\/01\/uvodka.svg\",\"width\":1200,\"height\":700,\"caption\":\"Plaan\"},\"image\":{\"@id\":\"https:\/\/plaan.cz\/cs_cz\/#\/schema\/logo\/image\/\"},\"sameAs\":[\"https:\/\/www.instagram.com\/plaanczech\/\"]}]}<\/script>\n<!-- \/ Yoast SEO Premium plugin. -->","yoast_head_json":{"title":"Produkty a slu\u017eby - Plaan","robots":{"index":"index","follow":"follow","max-snippet":"max-snippet:-1","max-image-preview":"max-image-preview:large","max-video-preview":"max-video-preview:-1"},"canonical":"https:\/\/plaan.cz\/cs_cz\/produkty-a-sluzby\/","og_locale":"cs_CZ","og_type":"article","og_title":"Produkty a slu\u017eby","og_description":"PORADENSK\u00c1, PROJEK\u010cN\u00cd A DODAVATELSK\u00c1 \u010cINNOST Spole\u010dnost\u00a0plaan czech, s.r.o.\u00a0pat\u0159\u00ed mezi p\u0159edn\u00ed \u010desk\u00e9 spole\u010dnosti v oboru elektro. Firma poskytuje sv\u00fdm dom\u00e1c\u00edm i zahrani\u010dn\u00edm z\u00e1kazn\u00edk\u016fm komplexn\u00ed slu\u017eby v oblasti investi\u010dn\u00ed v\u00fdstavby. Tyto slu\u017eby zahrnuj\u00ed ve\u0161ker\u00e9 \u010dinnosti v oblastech silnoproudu do 35 kV, slaboproudu, m\u011b\u0159en\u00ed a regulace. Od p\u0159\u00edpravy investi\u010dn\u00edho z\u00e1m\u011bru, p\u0159es zpracov\u00e1n\u00ed projektov\u00e9 dokumentace, vy\u0159\u00edzen\u00ed v\u0161ech pot\u0159ebn\u00fdch povolen\u00ed, [&hellip;]","og_url":"https:\/\/plaan.cz\/cs_cz\/produkty-a-sluzby\/","og_site_name":"Plaan","article_modified_time":"2024-11-24T18:02:11+00:00","og_image":[{"url":"http:\/\/plaan.cz\/wp-content\/uploads\/2024\/11\/diversity_3_80dp_E8EAED_FILL0_wght0_GRAD0_opszNaN.svg","type":"","width":"","height":""}],"twitter_card":"summary_large_image","twitter_misc":{"Odhadovan\u00e1 doba \u010dten\u00ed":"3 minuty"},"schema":{"@context":"https:\/\/schema.org","@graph":[{"@type":"WebPage","@id":"https:\/\/plaan.cz\/cs_cz\/produkty-a-sluzby\/","url":"https:\/\/plaan.cz\/cs_cz\/produkty-a-sluzby\/","name":"Produkty a slu\u017eby - Plaan","isPartOf":{"@id":"https:\/\/plaan.cz\/cs_cz\/#website"},"primaryImageOfPage":{"@id":"https:\/\/plaan.cz\/cs_cz\/produkty-a-sluzby\/#primaryimage"},"image":{"@id":"https:\/\/plaan.cz\/cs_cz\/produkty-a-sluzby\/#primaryimage"},"thumbnailUrl":"http:\/\/plaan.cz\/wp-content\/uploads\/2024\/11\/diversity_3_80dp_E8EAED_FILL0_wght0_GRAD0_opszNaN.svg","datePublished":"2024-03-30T02:17:12+00:00","dateModified":"2024-11-24T18:02:11+00:00","breadcrumb":{"@id":"https:\/\/plaan.cz\/cs_cz\/produkty-a-sluzby\/#breadcrumb"},"inLanguage":"cs","potentialAction":[{"@type":"ReadAction","target":["https:\/\/plaan.cz\/cs_cz\/produkty-a-sluzby\/"]}]},{"@type":"ImageObject","inLanguage":"cs","@id":"https:\/\/plaan.cz\/cs_cz\/produkty-a-sluzby\/#primaryimage","url":"http:\/\/plaan.cz\/wp-content\/uploads\/2024\/11\/diversity_3_80dp_E8EAED_FILL0_wght0_GRAD0_opszNaN.svg","contentUrl":"http:\/\/plaan.cz\/wp-content\/uploads\/2024\/11\/diversity_3_80dp_E8EAED_FILL0_wght0_GRAD0_opszNaN.svg"},{"@type":"BreadcrumbList","@id":"https:\/\/plaan.cz\/cs_cz\/produkty-a-sluzby\/#breadcrumb","itemListElement":[{"@type":"ListItem","position":1,"name":"Home","item":"https:\/\/plaan.cz\/"},{"@type":"ListItem","position":2,"name":"Produkty a slu\u017eby"}]},{"@type":"WebSite","@id":"https:\/\/plaan.cz\/cs_cz\/#website","url":"https:\/\/plaan.cz\/cs_cz\/","name":"Plaan","description":"Design and Engineering","publisher":{"@id":"https:\/\/plaan.cz\/cs_cz\/#organization"},"potentialAction":[{"@type":"SearchAction","target":{"@type":"EntryPoint","urlTemplate":"https:\/\/plaan.cz\/cs_cz\/?s={search_term_string}"},"query-input":{"@type":"PropertyValueSpecification","valueRequired":true,"valueName":"search_term_string"}}],"inLanguage":"cs"},{"@type":"Organization","@id":"https:\/\/plaan.cz\/cs_cz\/#organization","name":"Plaan","url":"https:\/\/plaan.cz\/cs_cz\/","logo":{"@type":"ImageObject","inLanguage":"cs","@id":"https:\/\/plaan.cz\/cs_cz\/#\/schema\/logo\/image\/","url":"http:\/\/plaan.cz\/wp-content\/uploads\/2025\/01\/uvodka.svg","contentUrl":"http:\/\/plaan.cz\/wp-content\/uploads\/2025\/01\/uvodka.svg","width":1200,"height":700,"caption":"Plaan"},"image":{"@id":"https:\/\/plaan.cz\/cs_cz\/#\/schema\/logo\/image\/"},"sameAs":["https:\/\/www.instagram.com\/plaanczech\/"]}]}},"_links":{"self":[{"href":"https:\/\/plaan.cz\/cs_cz\/wp-json\/wp\/v2\/pages\/6482","targetHints":{"allow":["GET"]}}],"collection":[{"href":"https:\/\/plaan.cz\/cs_cz\/wp-json\/wp\/v2\/pages"}],"about":[{"href":"https:\/\/plaan.cz\/cs_cz\/wp-json\/wp\/v2\/types\/page"}],"author":[{"embeddable":true,"href":"https:\/\/plaan.cz\/cs_cz\/wp-json\/wp\/v2\/users\/1"}],"replies":[{"embeddable":true,"href":"https:\/\/plaan.cz\/cs_cz\/wp-json\/wp\/v2\/comments?post=6482"}],"version-history":[{"count":95,"href":"https:\/\/plaan.cz\/cs_cz\/wp-json\/wp\/v2\/pages\/6482\/revisions"}],"predecessor-version":[{"id":8369,"href":"https:\/\/plaan.cz\/cs_cz\/wp-json\/wp\/v2\/pages\/6482\/revisions\/8369"}],"wp:attachment":[{"href":"https:\/\/plaan.cz\/cs_cz\/wp-json\/wp\/v2\/media?parent=6482"}],"curies":[{"name":"wp","href":"https:\/\/api.w.org\/{rel}","templated":true}]}}