{"id":57,"date":"2024-03-25T02:47:55","date_gmt":"2024-03-25T02:47:55","guid":{"rendered":"https:\/\/demo2wpopal.b-cdn.net\/rebuilto\/?page_id=57"},"modified":"2025-05-19T23:32:46","modified_gmt":"2025-05-19T21:32:46","slug":"kontakt","status":"publish","type":"page","link":"https:\/\/plaan.cz\/cs_cz\/kontakt\/","title":{"rendered":"Kontakt"},"content":{"rendered":"\t\t<div data-elementor-type=\"wp-page\" data-elementor-id=\"57\" class=\"elementor elementor-57\" data-elementor-post-type=\"page\">\n\t\t\t\t<div class=\"elementor-element elementor-element-0ade39f e-flex e-con-boxed e-con e-parent\" data-id=\"0ade39f\" data-element_type=\"container\" data-settings=\"{&quot;background_background&quot;:&quot;classic&quot;}\">\n\t\t\t\t\t<div class=\"e-con-inner\">\n\t\t<div class=\"elementor-element elementor-element-3ce4f2c e-con-full e-flex e-con e-child\" data-id=\"3ce4f2c\" data-element_type=\"container\">\n\t\t\t\t<div class=\"elementor-element elementor-element-14b8f04 elementor-widget__width-initial animated-fast elementor-invisible elementor-widget elementor-widget-heading\" data-id=\"14b8f04\" data-element_type=\"widget\" data-settings=\"{&quot;_animation&quot;:&quot;opal-move-left&quot;}\" data-widget_type=\"heading.default\">\n\t\t\t\t<div class=\"elementor-widget-container\">\n\t\t\t\t\t<h2 class=\"elementor-heading-title elementor-size-default\">Kontaktn\u00ed informace<\/h2>\t\t\t\t<\/div>\n\t\t\t\t<\/div>\n\t\t\t\t<\/div>\n\t\t\t\t\t<\/div>\n\t\t\t\t<\/div>\n\t\t<div class=\"elementor-element elementor-element-a0307b2 e-flex e-con-boxed e-con e-parent\" data-id=\"a0307b2\" data-element_type=\"container\" data-settings=\"{&quot;background_background&quot;:&quot;gradient&quot;}\">\n\t\t\t\t\t<div class=\"e-con-inner\">\n\t\t<div class=\"elementor-element elementor-element-89c1bf7 e-con-full e-flex e-con e-child\" data-id=\"89c1bf7\" data-element_type=\"container\">\n\t\t\t\t<div class=\"elementor-element elementor-element-fb48304 elementor-widget elementor-widget-heading\" data-id=\"fb48304\" data-element_type=\"widget\" data-widget_type=\"heading.default\">\n\t\t\t\t<div class=\"elementor-widget-container\">\n\t\t\t\t\t<h5 class=\"elementor-heading-title elementor-size-default\">Napi\u0161te n\u00e1m<\/h5>\t\t\t\t<\/div>\n\t\t\t\t<\/div>\n\t\t\t\t<div class=\"elementor-element elementor-element-4ce293c elementor-widget__width-initial elementor-widget elementor-widget-text-editor\" data-id=\"4ce293c\" data-element_type=\"widget\" data-widget_type=\"text-editor.default\">\n\t\t\t\t<div class=\"elementor-widget-container\">\n\t\t\t\t\t\t\t\t\t<p>Pro v\u00edce informac\u00ed a o tom, jak m\u016f\u017eeme vyhov\u011bt va\u0161im pot\u0159eb\u00e1m, vypl\u0148te pros\u00edm n\u00ed\u017ee uveden\u00fd formul\u00e1\u0159 a n\u011bkdo z na\u0161eho t\u00fdmu se v\u00e1m ozve.<\/p>\t\t\t\t\t\t\t\t<\/div>\n\t\t\t\t<\/div>\n\t\t\t\t<div class=\"elementor-element elementor-element-661593a elementor-widget__width-initial elementor-widget elementor-widget-rebuilto-contactform\" data-id=\"661593a\" data-element_type=\"widget\" data-widget_type=\"rebuilto-contactform.default\">\n\t\t\t\t<div class=\"elementor-widget-container\">\n\t\t\t\t\t\n<div class=\"wpcf7 no-js\" id=\"wpcf7-f15-o1\" lang=\"en-US\" dir=\"ltr\" data-wpcf7-id=\"15\">\n<div class=\"screen-reader-response\"><p role=\"status\" aria-live=\"polite\" aria-atomic=\"true\"><\/p> <ul><\/ul><\/div>\n<form action=\"\/cs_cz\/wp-json\/wp\/v2\/pages\/57#wpcf7-f15-o1\" method=\"post\" class=\"wpcf7-form init\" aria-label=\"Contact form\" novalidate=\"novalidate\" data-status=\"init\">\n<fieldset class=\"hidden-fields-container\"><input type=\"hidden\" name=\"_wpcf7\" value=\"15\" \/><input type=\"hidden\" name=\"_wpcf7_version\" value=\"6.1.4\" \/><input type=\"hidden\" name=\"_wpcf7_locale\" value=\"en_US\" \/><input type=\"hidden\" name=\"_wpcf7_unit_tag\" value=\"wpcf7-f15-o1\" \/><input type=\"hidden\" name=\"_wpcf7_container_post\" value=\"0\" \/><input type=\"hidden\" name=\"_wpcf7_posted_data_hash\" value=\"\" \/><input type=\"hidden\" name=\"_wpcf7_recaptcha_response\" value=\"\" \/>\n<\/fieldset>\n<div class=\"ct-form\">\n\t<div class=\"row\">\n\t\t<div class=\"column-name\">\n\t\t\t<p><span class=\"wpcf7-form-control-wrap\" data-name=\"your-name\"><input size=\"40\" maxlength=\"400\" class=\"wpcf7-form-control wpcf7-text wpcf7-validates-as-required\" autocomplete=\"name\" aria-required=\"true\" aria-invalid=\"false\" placeholder=\"Va\u0161e jm\u00e9no *\" value=\"\" type=\"text\" name=\"your-name\" \/><\/span>\n\t\t\t<\/p>\n\t\t<\/div>\n\t\t<div class=\"column-number\">\n\t\t\t<p><span class=\"wpcf7-form-control-wrap\" data-name=\"your-number\"><input size=\"40\" maxlength=\"400\" class=\"wpcf7-form-control wpcf7-tel wpcf7-validates-as-required wpcf7-text wpcf7-validates-as-tel\" autocomplete=\"email\" aria-required=\"true\" aria-invalid=\"false\" placeholder=\"V\u00e1\u0161 telefon *\" value=\"\" type=\"tel\" name=\"your-number\" \/><\/span>\n\t\t\t<\/p>\n\t\t<\/div>\n\t<\/div>\n\t<div class=\"row\">\n\t\t<div class=\"column-email\">\n\t\t\t<p><span class=\"wpcf7-form-control-wrap\" data-name=\"your-email\"><input size=\"40\" maxlength=\"400\" class=\"wpcf7-form-control wpcf7-email wpcf7-validates-as-required wpcf7-text wpcf7-validates-as-email\" aria-required=\"true\" aria-invalid=\"false\" placeholder=\"Email *\" value=\"\" type=\"email\" name=\"your-email\" \/><\/span>\n\t\t\t<\/p>\n\t\t<\/div>\n\t<\/div>\n\t<div class=\"row\">\n\t\t<div class=\"column-message\">\n\t\t\t<p><span class=\"wpcf7-form-control-wrap\" data-name=\"your-message\"><textarea cols=\"40\" rows=\"3\" maxlength=\"2000\" class=\"wpcf7-form-control wpcf7-textarea\" aria-invalid=\"false\" placeholder=\"Va\u0161e zpr\u00e1va...\" name=\"your-message\"><\/textarea><\/span>\n\t\t\t<\/p>\n\t\t<\/div>\n\t<\/div>\n\t<div class=\"ct-button elementor-button-type-outline elementor-widget-rebuilto-button\">\n\t\t<p><button class=\"elementor-button\" type=\"submit\"><span class=\"elementor-button-text\" data-name=\"Odeslat\"><span>Odeslat<\/span><\/span><span class=\"elementor-button-icon elementor-align-icon-right\"><i aria-hidden=\"true\" class=\"rebuilto-icon- rebuilto-icon-arrow-up-right\"><\/i><\/span><\/button>\n\t\t<\/p>\n\t<\/div>\n<\/div><div class=\"wpcf7-response-output\" aria-hidden=\"true\"><\/div>\n<\/form>\n<\/div>\n\t\t\t\t<\/div>\n\t\t\t\t<\/div>\n\t\t\t\t<\/div>\n\t\t<div class=\"elementor-element elementor-element-fd1bc5a e-con-full e-flex e-con e-child\" data-id=\"fd1bc5a\" data-element_type=\"container\">\n\t\t\t\t<div class=\"elementor-element elementor-element-0845100 elementor-widget elementor-widget-heading\" data-id=\"0845100\" data-element_type=\"widget\" data-widget_type=\"heading.default\">\n\t\t\t\t<div class=\"elementor-widget-container\">\n\t\t\t\t\t<h5 class=\"elementor-heading-title elementor-size-default\">S\u00eddlo spole\u010dnosti<\/h5>\t\t\t\t<\/div>\n\t\t\t\t<\/div>\n\t\t\t\t<div class=\"elementor-element elementor-element-8f71bd5 elementor-widget elementor-widget-text-editor\" data-id=\"8f71bd5\" data-element_type=\"widget\" data-widget_type=\"text-editor.default\">\n\t\t\t\t<div class=\"elementor-widget-container\">\n\t\t\t\t\t\t\t\t\t<p><a href=\"https:\/\/www.google.cz\/maps?q=Praha+1,+Nov%C3%A9+M%C4%9Bsto,+Ostrovn%C3%AD+126\/30,+PS%C4%8C+110+00&amp;oe=utf-8&amp;rls=org.mozilla:cs:official&amp;client=firefox-a&amp;um=1&amp;ie=UTF-8&amp;sa=X&amp;ei=b0s7UOSlI6_P4QSPgoHgDw&amp;ved=0CAsQ_AUoAg\" target=\"_blank\" rel=\"noopener\"><b>Praha 1 &#8211; Nov\u00e9 M\u011bsto<br \/>Ostrovn\u00ed 126\/30, 110 00<\/b><\/a><\/p>\t\t\t\t\t\t\t\t<\/div>\n\t\t\t\t<\/div>\n\t\t\t\t<div class=\"elementor-element elementor-element-9b07aee elementor-widget elementor-widget-heading\" data-id=\"9b07aee\" data-element_type=\"widget\" data-widget_type=\"heading.default\">\n\t\t\t\t<div class=\"elementor-widget-container\">\n\t\t\t\t\t<h5 class=\"elementor-heading-title elementor-size-default\">Provozovna<\/h5>\t\t\t\t<\/div>\n\t\t\t\t<\/div>\n\t\t\t\t<div class=\"elementor-element elementor-element-9f10145 elementor-widget elementor-widget-text-editor\" data-id=\"9f10145\" data-element_type=\"widget\" data-widget_type=\"text-editor.default\">\n\t\t\t\t<div class=\"elementor-widget-container\">\n\t\t\t\t\t\t\t\t\t<p><a href=\"https:\/\/maps.app.goo.gl\/2W1Gauq8ePJJPGs7A\" target=\"_blank\" rel=\"noopener\"><strong>B\u00edlansk\u00e1 3320\/16B, Krom\u011b\u0159\u00ed\u017e<\/strong><\/a><\/p>\t\t\t\t\t\t\t\t<\/div>\n\t\t\t\t<\/div>\n\t\t\t\t<div class=\"elementor-element elementor-element-18ad9fe elementor-widget elementor-widget-text-editor\" data-id=\"18ad9fe\" data-element_type=\"widget\" data-widget_type=\"text-editor.default\">\n\t\t\t\t<div class=\"elementor-widget-container\">\n\t\t\t\t\t\t\t\t\t<div class=\"elementor-element elementor-element-5554d78 e-con-full e-flex e-con e-child\" data-id=\"5554d78\" data-element_type=\"container\"><div class=\"elementor-element elementor-element-9511796 elementor-icon-list--layout-traditional elementor-list-item-link-full_width elementor-widget elementor-widget-icon-list\" data-id=\"9511796\" data-element_type=\"widget\" data-widget_type=\"icon-list.default\"><div class=\"elementor-widget-container\"><strong>plaan czech, s.r.o.<\/strong><br \/><strong>I\u010c:<\/strong> 27699790<\/div><\/div><\/div><div class=\"elementor-element elementor-element-7f72943 e-con-full e-flex e-con e-child\" data-id=\"7f72943\" data-element_type=\"container\"><div class=\"elementor-element elementor-element-c4a07da elementor-widget__width-inherit elementor-widget elementor-widget-text-editor\" data-id=\"c4a07da\" data-element_type=\"widget\" data-widget_type=\"text-editor.default\"><div class=\"elementor-widget-container\"><p><strong>DI\u010c:<\/strong> CZ 276 99 790<br \/><strong>DI\u010c:<\/strong> SK 40 20 24 26 22<\/p><p><strong>OR<\/strong>: M\u011bstsk\u00fd soud v Praze,<br \/>odd. C, vlo\u017eka 197825<\/p><\/div><\/div><\/div>\t\t\t\t\t\t\t\t<\/div>\n\t\t\t\t<\/div>\n\t\t\t\t<div class=\"elementor-element elementor-element-67ccb92 elementor-widget elementor-widget-image\" data-id=\"67ccb92\" data-element_type=\"widget\" data-widget_type=\"image.default\">\n\t\t\t\t<div class=\"elementor-widget-container\">\n\t\t\t\t\t\t\t\t\t\t\t\t\t\t\t<img fetchpriority=\"high\" decoding=\"async\" width=\"1620\" height=\"1080\" src=\"https:\/\/plaan.cz\/wp-content\/uploads\/2024\/11\/DSH_5653-HDR-1.jpg\" class=\"attachment-full size-full wp-image-6807\" alt=\"\" srcset=\"https:\/\/plaan.cz\/wp-content\/uploads\/2024\/11\/DSH_5653-HDR-1.jpg 1620w, https:\/\/plaan.cz\/wp-content\/uploads\/2024\/11\/DSH_5653-HDR-1-300x200.jpg 300w, https:\/\/plaan.cz\/wp-content\/uploads\/2024\/11\/DSH_5653-HDR-1-1024x683.jpg 1024w, https:\/\/plaan.cz\/wp-content\/uploads\/2024\/11\/DSH_5653-HDR-1-768x512.jpg 768w, https:\/\/plaan.cz\/wp-content\/uploads\/2024\/11\/DSH_5653-HDR-1-1536x1024.jpg 1536w, https:\/\/plaan.cz\/wp-content\/uploads\/2024\/11\/DSH_5653-HDR-1-18x12.jpg 18w\" sizes=\"(max-width: 1620px) 100vw, 1620px\" \/>\t\t\t\t\t\t\t\t\t\t\t\t\t\t\t<\/div>\n\t\t\t\t<\/div>\n\t\t\t\t<div class=\"elementor-element elementor-element-8080474 elementor-widget elementor-widget-heading\" data-id=\"8080474\" data-element_type=\"widget\" data-widget_type=\"heading.default\">\n\t\t\t\t<div class=\"elementor-widget-container\">\n\t\t\t\t\t<p class=\"elementor-heading-title elementor-size-default\"><a href=\"tel:+420778712772\">+420 778 712 772<\/a><\/p>\t\t\t\t<\/div>\n\t\t\t\t<\/div>\n\t\t\t\t<div class=\"elementor-element elementor-element-ae6f8f3 elementor-widget elementor-widget-text-editor\" data-id=\"ae6f8f3\" data-element_type=\"widget\" data-widget_type=\"text-editor.default\">\n\t\t\t\t<div class=\"elementor-widget-container\">\n\t\t\t\t\t\t\t\t\t<p><a href=\"mailto:info@plaan.cz\">info@plaan.cz<\/a><\/p>\t\t\t\t\t\t\t\t<\/div>\n\t\t\t\t<\/div>\n\t\t\t\t<\/div>\n\t\t\t\t\t<\/div>\n\t\t\t\t<\/div>\n\t\t<div class=\"elementor-element elementor-element-6377111 e-con-full e-flex e-con e-parent\" data-id=\"6377111\" data-element_type=\"container\">\n\t\t\t\t<div class=\"elementor-element elementor-element-0ee0fc8 elementor-widget elementor-widget-google_maps\" data-id=\"0ee0fc8\" data-element_type=\"widget\" data-widget_type=\"google_maps.default\">\n\t\t\t\t<div class=\"elementor-widget-container\">\n\t\t\t\t\t\t\t<div class=\"elementor-custom-embed\">\n\t\t\t<iframe loading=\"lazy\"\n\t\t\t\t\tsrc=\"https:\/\/maps.google.com\/maps?q=B%C3%ADlansk%C3%A1%203320%2F16B%2C%20Krom%C4%9B%C5%99%C3%AD%C5%BE&#038;t=m&#038;z=11&#038;output=embed&#038;iwloc=near\"\n\t\t\t\t\ttitle=\"B\u00edlansk\u00e1 3320\/16B, Krom\u011b\u0159\u00ed\u017e\"\n\t\t\t\t\taria-label=\"B\u00edlansk\u00e1 3320\/16B, Krom\u011b\u0159\u00ed\u017e\"\n\t\t\t><\/iframe>\n\t\t<\/div>\n\t\t\t\t\t\t<\/div>\n\t\t\t\t<\/div>\n\t\t\t\t<\/div>\n\t\t\t\t<\/div>\n\t\t","protected":false},"excerpt":{"rendered":"<p>Kontaktn\u00ed informace Napi\u0161te n\u00e1m Pro v\u00edce informac\u00ed a o tom, jak m\u016f\u017eeme vyhov\u011bt va\u0161im pot\u0159eb\u00e1m, vypl\u0148te pros\u00edm n\u00ed\u017ee uveden\u00fd formul\u00e1\u0159 a n\u011bkdo z na\u0161eho t\u00fdmu se v\u00e1m ozve. Odeslat S\u00eddlo spole\u010dnosti Praha 1 &#8211; Nov\u00e9 M\u011bstoOstrovn\u00ed 126\/30, 110 00 Provozovna B\u00edlansk\u00e1 3320\/16B, Krom\u011b\u0159\u00ed\u017e plaan czech, s.r.o.I\u010c: 27699790 DI\u010c: CZ 276 99 790DI\u010c: SK 40 20 [&hellip;]<\/p>\n","protected":false},"author":1,"featured_media":0,"parent":0,"menu_order":0,"comment_status":"closed","ping_status":"closed","template":"","meta":{"footnotes":"","_links_to":"","_links_to_target":""},"class_list":["post-57","page","type-page","status-publish","hentry"],"yoast_head":"<!-- This site is optimized with the Yoast SEO Premium plugin v20.11 (Yoast SEO v26.8) - https:\/\/yoast.com\/product\/yoast-seo-premium-wordpress\/ -->\n<title>Kontakt - Plaan<\/title>\n<meta name=\"robots\" content=\"index, follow, max-snippet:-1, max-image-preview:large, max-video-preview:-1\" \/>\n<link rel=\"canonical\" href=\"https:\/\/plaan.cz\/cs_cz\/kontakt\/\" \/>\n<meta property=\"og:locale\" content=\"cs_CZ\" \/>\n<meta property=\"og:type\" content=\"article\" \/>\n<meta property=\"og:title\" content=\"Kontakt\" \/>\n<meta property=\"og:description\" content=\"Kontaktn\u00ed informace Napi\u0161te n\u00e1m Pro v\u00edce informac\u00ed a o tom, jak m\u016f\u017eeme vyhov\u011bt va\u0161im pot\u0159eb\u00e1m, vypl\u0148te pros\u00edm n\u00ed\u017ee uveden\u00fd formul\u00e1\u0159 a n\u011bkdo z na\u0161eho t\u00fdmu se v\u00e1m ozve. Odeslat S\u00eddlo spole\u010dnosti Praha 1 &#8211; Nov\u00e9 M\u011bstoOstrovn\u00ed 126\/30, 110 00 Provozovna B\u00edlansk\u00e1 3320\/16B, Krom\u011b\u0159\u00ed\u017e plaan czech, s.r.o.I\u010c: 27699790 DI\u010c: CZ 276 99 790DI\u010c: SK 40 20 [&hellip;]\" \/>\n<meta property=\"og:url\" content=\"https:\/\/plaan.cz\/cs_cz\/kontakt\/\" \/>\n<meta property=\"og:site_name\" content=\"Plaan\" \/>\n<meta property=\"article:modified_time\" content=\"2025-05-19T21:32:46+00:00\" \/>\n<meta property=\"og:image\" content=\"https:\/\/plaan.cz\/wp-content\/uploads\/2024\/11\/DSH_5653-HDR-1.jpg\" \/>\n\t<meta property=\"og:image:width\" content=\"1620\" \/>\n\t<meta property=\"og:image:height\" content=\"1080\" \/>\n\t<meta property=\"og:image:type\" content=\"image\/jpeg\" \/>\n<meta name=\"twitter:card\" content=\"summary_large_image\" \/>\n<meta name=\"twitter:label1\" content=\"Odhadovan\u00e1 doba \u010dten\u00ed\" \/>\n\t<meta name=\"twitter:data1\" content=\"1 minuta\" \/>\n<script type=\"application\/ld+json\" class=\"yoast-schema-graph\">{\"@context\":\"https:\/\/schema.org\",\"@graph\":[{\"@type\":\"WebPage\",\"@id\":\"https:\/\/plaan.cz\/cs_cz\/kontakt\/\",\"url\":\"https:\/\/plaan.cz\/cs_cz\/kontakt\/\",\"name\":\"Kontakt - Plaan\",\"isPartOf\":{\"@id\":\"https:\/\/plaan.cz\/cs_cz\/#website\"},\"primaryImageOfPage\":{\"@id\":\"https:\/\/plaan.cz\/cs_cz\/kontakt\/#primaryimage\"},\"image\":{\"@id\":\"https:\/\/plaan.cz\/cs_cz\/kontakt\/#primaryimage\"},\"thumbnailUrl\":\"http:\/\/plaan.cz\/wp-content\/uploads\/2024\/11\/DSH_5653-HDR-1.jpg\",\"datePublished\":\"2024-03-25T02:47:55+00:00\",\"dateModified\":\"2025-05-19T21:32:46+00:00\",\"breadcrumb\":{\"@id\":\"https:\/\/plaan.cz\/cs_cz\/kontakt\/#breadcrumb\"},\"inLanguage\":\"cs\",\"potentialAction\":[{\"@type\":\"ReadAction\",\"target\":[\"https:\/\/plaan.cz\/cs_cz\/kontakt\/\"]}]},{\"@type\":\"ImageObject\",\"inLanguage\":\"cs\",\"@id\":\"https:\/\/plaan.cz\/cs_cz\/kontakt\/#primaryimage\",\"url\":\"http:\/\/plaan.cz\/wp-content\/uploads\/2024\/11\/DSH_5653-HDR-1.jpg\",\"contentUrl\":\"http:\/\/plaan.cz\/wp-content\/uploads\/2024\/11\/DSH_5653-HDR-1.jpg\"},{\"@type\":\"BreadcrumbList\",\"@id\":\"https:\/\/plaan.cz\/cs_cz\/kontakt\/#breadcrumb\",\"itemListElement\":[{\"@type\":\"ListItem\",\"position\":1,\"name\":\"Home\",\"item\":\"https:\/\/plaan.cz\/\"},{\"@type\":\"ListItem\",\"position\":2,\"name\":\"Kontakt\"}]},{\"@type\":\"WebSite\",\"@id\":\"https:\/\/plaan.cz\/cs_cz\/#website\",\"url\":\"https:\/\/plaan.cz\/cs_cz\/\",\"name\":\"Plaan\",\"description\":\"Design and Engineering\",\"publisher\":{\"@id\":\"https:\/\/plaan.cz\/cs_cz\/#organization\"},\"potentialAction\":[{\"@type\":\"SearchAction\",\"target\":{\"@type\":\"EntryPoint\",\"urlTemplate\":\"https:\/\/plaan.cz\/cs_cz\/?s={search_term_string}\"},\"query-input\":{\"@type\":\"PropertyValueSpecification\",\"valueRequired\":true,\"valueName\":\"search_term_string\"}}],\"inLanguage\":\"cs\"},{\"@type\":\"Organization\",\"@id\":\"https:\/\/plaan.cz\/cs_cz\/#organization\",\"name\":\"Plaan\",\"url\":\"https:\/\/plaan.cz\/cs_cz\/\",\"logo\":{\"@type\":\"ImageObject\",\"inLanguage\":\"cs\",\"@id\":\"https:\/\/plaan.cz\/cs_cz\/#\/schema\/logo\/image\/\",\"url\":\"http:\/\/plaan.cz\/wp-content\/uploads\/2025\/01\/uvodka.svg\",\"contentUrl\":\"http:\/\/plaan.cz\/wp-content\/uploads\/2025\/01\/uvodka.svg\",\"width\":1200,\"height\":700,\"caption\":\"Plaan\"},\"image\":{\"@id\":\"https:\/\/plaan.cz\/cs_cz\/#\/schema\/logo\/image\/\"},\"sameAs\":[\"https:\/\/www.instagram.com\/plaanczech\/\"]}]}<\/script>\n<!-- \/ Yoast SEO Premium plugin. -->","yoast_head_json":{"title":"Kontakt - Plaan","robots":{"index":"index","follow":"follow","max-snippet":"max-snippet:-1","max-image-preview":"max-image-preview:large","max-video-preview":"max-video-preview:-1"},"canonical":"https:\/\/plaan.cz\/cs_cz\/kontakt\/","og_locale":"cs_CZ","og_type":"article","og_title":"Kontakt","og_description":"Kontaktn\u00ed informace Napi\u0161te n\u00e1m Pro v\u00edce informac\u00ed a o tom, jak m\u016f\u017eeme vyhov\u011bt va\u0161im pot\u0159eb\u00e1m, vypl\u0148te pros\u00edm n\u00ed\u017ee uveden\u00fd formul\u00e1\u0159 a n\u011bkdo z na\u0161eho t\u00fdmu se v\u00e1m ozve. Odeslat S\u00eddlo spole\u010dnosti Praha 1 &#8211; Nov\u00e9 M\u011bstoOstrovn\u00ed 126\/30, 110 00 Provozovna B\u00edlansk\u00e1 3320\/16B, Krom\u011b\u0159\u00ed\u017e plaan czech, s.r.o.I\u010c: 27699790 DI\u010c: CZ 276 99 790DI\u010c: SK 40 20 [&hellip;]","og_url":"https:\/\/plaan.cz\/cs_cz\/kontakt\/","og_site_name":"Plaan","article_modified_time":"2025-05-19T21:32:46+00:00","og_image":[{"width":1620,"height":1080,"url":"https:\/\/plaan.cz\/wp-content\/uploads\/2024\/11\/DSH_5653-HDR-1.jpg","type":"image\/jpeg"}],"twitter_card":"summary_large_image","twitter_misc":{"Odhadovan\u00e1 doba \u010dten\u00ed":"1 minuta"},"schema":{"@context":"https:\/\/schema.org","@graph":[{"@type":"WebPage","@id":"https:\/\/plaan.cz\/cs_cz\/kontakt\/","url":"https:\/\/plaan.cz\/cs_cz\/kontakt\/","name":"Kontakt - Plaan","isPartOf":{"@id":"https:\/\/plaan.cz\/cs_cz\/#website"},"primaryImageOfPage":{"@id":"https:\/\/plaan.cz\/cs_cz\/kontakt\/#primaryimage"},"image":{"@id":"https:\/\/plaan.cz\/cs_cz\/kontakt\/#primaryimage"},"thumbnailUrl":"http:\/\/plaan.cz\/wp-content\/uploads\/2024\/11\/DSH_5653-HDR-1.jpg","datePublished":"2024-03-25T02:47:55+00:00","dateModified":"2025-05-19T21:32:46+00:00","breadcrumb":{"@id":"https:\/\/plaan.cz\/cs_cz\/kontakt\/#breadcrumb"},"inLanguage":"cs","potentialAction":[{"@type":"ReadAction","target":["https:\/\/plaan.cz\/cs_cz\/kontakt\/"]}]},{"@type":"ImageObject","inLanguage":"cs","@id":"https:\/\/plaan.cz\/cs_cz\/kontakt\/#primaryimage","url":"http:\/\/plaan.cz\/wp-content\/uploads\/2024\/11\/DSH_5653-HDR-1.jpg","contentUrl":"http:\/\/plaan.cz\/wp-content\/uploads\/2024\/11\/DSH_5653-HDR-1.jpg"},{"@type":"BreadcrumbList","@id":"https:\/\/plaan.cz\/cs_cz\/kontakt\/#breadcrumb","itemListElement":[{"@type":"ListItem","position":1,"name":"Home","item":"https:\/\/plaan.cz\/"},{"@type":"ListItem","position":2,"name":"Kontakt"}]},{"@type":"WebSite","@id":"https:\/\/plaan.cz\/cs_cz\/#website","url":"https:\/\/plaan.cz\/cs_cz\/","name":"Plaan","description":"Design and Engineering","publisher":{"@id":"https:\/\/plaan.cz\/cs_cz\/#organization"},"potentialAction":[{"@type":"SearchAction","target":{"@type":"EntryPoint","urlTemplate":"https:\/\/plaan.cz\/cs_cz\/?s={search_term_string}"},"query-input":{"@type":"PropertyValueSpecification","valueRequired":true,"valueName":"search_term_string"}}],"inLanguage":"cs"},{"@type":"Organization","@id":"https:\/\/plaan.cz\/cs_cz\/#organization","name":"Plaan","url":"https:\/\/plaan.cz\/cs_cz\/","logo":{"@type":"ImageObject","inLanguage":"cs","@id":"https:\/\/plaan.cz\/cs_cz\/#\/schema\/logo\/image\/","url":"http:\/\/plaan.cz\/wp-content\/uploads\/2025\/01\/uvodka.svg","contentUrl":"http:\/\/plaan.cz\/wp-content\/uploads\/2025\/01\/uvodka.svg","width":1200,"height":700,"caption":"Plaan"},"image":{"@id":"https:\/\/plaan.cz\/cs_cz\/#\/schema\/logo\/image\/"},"sameAs":["https:\/\/www.instagram.com\/plaanczech\/"]}]}},"_links":{"self":[{"href":"https:\/\/plaan.cz\/cs_cz\/wp-json\/wp\/v2\/pages\/57","targetHints":{"allow":["GET"]}}],"collection":[{"href":"https:\/\/plaan.cz\/cs_cz\/wp-json\/wp\/v2\/pages"}],"about":[{"href":"https:\/\/plaan.cz\/cs_cz\/wp-json\/wp\/v2\/types\/page"}],"author":[{"embeddable":true,"href":"https:\/\/plaan.cz\/cs_cz\/wp-json\/wp\/v2\/users\/1"}],"replies":[{"embeddable":true,"href":"https:\/\/plaan.cz\/cs_cz\/wp-json\/wp\/v2\/comments?post=57"}],"version-history":[{"count":155,"href":"https:\/\/plaan.cz\/cs_cz\/wp-json\/wp\/v2\/pages\/57\/revisions"}],"predecessor-version":[{"id":9557,"href":"https:\/\/plaan.cz\/cs_cz\/wp-json\/wp\/v2\/pages\/57\/revisions\/9557"}],"wp:attachment":[{"href":"https:\/\/plaan.cz\/cs_cz\/wp-json\/wp\/v2\/media?parent=57"}],"curies":[{"name":"wp","href":"https:\/\/api.w.org\/{rel}","templated":true}]}}